{"id":437,"date":"2025-01-24T12:09:28","date_gmt":"2025-01-24T12:09:28","guid":{"rendered":"https:\/\/hotelstil.ro\/?page_id=437"},"modified":"2025-01-24T12:12:22","modified_gmt":"2025-01-24T12:12:22","slug":"termeni-si-conditii","status":"publish","type":"page","link":"https:\/\/hotelstil.ro\/he\/termeni-si-conditii\/","title":{"rendered":"Termeni si Conditii"},"content":{"rendered":"<div data-elementor-type=\"wp-page\" data-elementor-id=\"437\" class=\"elementor elementor-437\" data-elementor-post-type=\"page\">\n\t\t\t\t<div class=\"elementor-element elementor-element-5abc720 e-flex e-con-boxed e-con e-parent\" data-id=\"5abc720\" data-element_type=\"container\" data-e-type=\"container\" data-settings=\"{&quot;background_background&quot;:&quot;classic&quot;}\">\n\t\t\t\t\t<div class=\"e-con-inner\">\n\t\t\t\t\t<\/div>\n\t\t\t\t<\/div>\n\t\t<div class=\"elementor-element elementor-element-3a0bdc2 e-flex e-con-boxed e-con e-parent\" data-id=\"3a0bdc2\" data-element_type=\"container\" data-e-type=\"container\">\n\t\t\t\t\t<div class=\"e-con-inner\">\n\t\t\t\t<div class=\"elementor-element elementor-element-a95f416 elementor-widget elementor-widget-text-editor\" data-id=\"a95f416\" data-element_type=\"widget\" data-e-type=\"widget\" data-widget_type=\"text-editor.default\">\n\t\t\t\t<div class=\"elementor-widget-container\">\n\t\t\t\t\t\t\t\t\t<ol><li><strong>PREZENTARE \u0218I DEFINI\u0162II<\/strong><\/li><\/ol><p><strong>\u00a0<\/strong><\/p><p>Site-ul<strong>\u00a0WWW.HOTELSTIL.RO\u00a0<\/strong>este de\u021binut \u0219i operat de c\u0103tre M&amp;T MARKET TRADE PROFESSIONALS SRL, Cu sediul \u00een BUCURESTI, Sector 1, Strada NICOLAE CARAMFIL, Nr. 63, Cod Postal: 014146, Nr. Inreg. ORC: J40\/10575\/1999, CUI: RO12476033, denumit \u00een cele ce urmeaz\u0103 de\u021bin\u0103torul site-ului.<\/p><p>Site-ul\u00a0<strong>WWW.HOTELSTIL.RO\u00a0<\/strong>prezint\u0103 serviciile oferite \u0219i activitatea derulat\u0103 de c\u0103tre de\u021bin\u0103tor. Totodat\u0103, prin intermediul site-ului se asigur\u0103 posibilitatea de abonare \u00een vederea primirii de inform\u0103ri periodice (news-letter), precum \u0219i accesul la serviciile furnizate de c\u0103tre de\u021bin\u0103tor (con\u021binut pe site), servicii supuse acestor termeni, \u00een cazul \u00een care nu vor fi stipulate condi\u021bii speciale pentru fiecare caz \u00een parte.<\/p><p>Informa\u021biile prezente pe\u00a0<strong>WWW.HOTELSTIL.RO\u00a0<\/strong>sunt puse la dispozi\u021bia utilizatorilor \u00een mod gratuit, cu excep\u021bia produselor sau serviciilor, ale c\u0103ror pre\u021buri sunt specificate.<\/p><p>Urm\u0103torii termeni vor fi defini\u021bi dup\u0103 cum urmeaz\u0103:<\/p><ul><li><strong><em>Utilizator<\/em><\/strong>\u00a0\u2013 orice persoan\u0103 care acceseaz\u0103 site-ul, fiind interesat\u0103 de serviciile de\u021bin\u0103torului site-ului, se aboneaz\u0103 \u00een vedere primirii de inform\u0103ri periodice (newsletter) \u0219i care se oblig\u0103 implicit s\u0103 respectate prezentul set de reguli, fiind r\u0103spunz\u0103tor pentru ac\u021biunile sale pe site;<\/li><li><strong><em>Serviciu<\/em><\/strong>\u00a0\u2013 furnizarea c\u0103tre utilizator a accesului la platforma prin intermediul c\u0103reia se poate abona \u00een vedere primirii de inform\u0103ri periodice (newsletter); furnizarea c\u0103tre utilizator a accesului la con\u021binutul site-ului \u0219i la produsele comercializate prin intermediul Site-ului conform op\u021biunilor Utilizatorului.<\/li><\/ul><p><strong>\u00a0<\/strong><\/p><ol start=\"2\"><li><strong>\u00ceNREGISTRAREA UTILIZATORULUI<\/strong><\/li><\/ol><p><strong>\u00a0<\/strong><\/p><p>Pentru accesarea site-ului, respectiv sec\u021biunile de prezentare, nu este necesar\u0103 \u00eenregistrarea utilizatorilor.<\/p><p>\u00cenregistrarea utilizatorului este obligatorie numai \u00een cazul \u00een care acesta se \u00eenscrie pentru primirea periodic\u0103 a unui newsletter, caz \u00een care se va \u00eenscrie cu o adres\u0103 de email pentru identificare \u0219i autentificare \u00een site\/pentru transmiterea newsletter-ului s\u0103pt\u0103m\u00e2nal.<\/p><p>De\u021bin\u0103torul site-ului \u00ee\u0219i rezerv\u0103 dreptul (nu \u0219i obliga\u021bia) de a verifica corectitudinea datelor de \u00eenregistrare ale utilizatorilor. \u00cen cazul \u00een care se constat\u0103 c\u0103 informa\u021biile puse la dispozi\u021bie de utilizator sunt inexacte, de\u021bin\u0103torul site-ului \u00ee\u0219i rezerv\u0103 dreptul de a refuza utilizatorului accesarea serviciilor oferite pe site,.<\/p><p>Prin accesarea site-ului \u0219i a Serviciilor puse la dispozi\u021bie, Utilizatorul garanteaz\u0103 c\u0103 ofer\u0103 de\u021bin\u0103torului site-ului date corecte fiind unicul responsabil pentru informa\u021biile furnizate.<\/p><p><strong>\u00a0<\/strong><\/p><ol start=\"3\"><li><strong>OBLIGA\u0162IILE UTILIZATORULUI. PROPRIETATE INTELECTUAL\u0102<\/strong><\/li><\/ol><p><strong>\u00a0<\/strong><\/p><p>Utilizarea site-ului este permis\u0103 cu respectarea principiilor bunei \u2013 credin\u021be, pentru informare \u0219i pentru folosirea serviciilor furnizate pe site.<\/p><p>Reprezent\u0103rile stilizate, crea\u021bia grafic\u0103, logo-urile \u0219i simbolurile asociate \u0219i combina\u021bii ale acestora cu oricare cuv\u00e2nt sau simbol grafic, fotografiile, materialele audio \u2013 video, con\u021binutul folosite pe acest site, sunt proprietatea exclusiv\u0103 a de\u021bin\u0103torului site-ului sau acesta a dob\u00e2ndit dreptul de a le utiliza, cu excep\u021bia celor apar\u021bin\u00e2nd altor entit\u0103\u021bi.<\/p><p>Utilizatorii nu pot prelua con\u021binutul site-ului, nu pot interveni, modifica sau \u0219terge con\u021binutul acestuia (textul, imaginile, logourile etc.). Orice \u00eenc\u0103lcare a acestei reguli reprezint\u0103 o \u00eenc\u0103lcare a drepturilor de autor, de marc\u0103 sau orice alt drept de proprietate intelectual\u0103.<\/p><p>Nu sunt permise copierea, multiplicarea, distribuirea, arhivarea sau p\u0103strarea, prin orice mijloace, efectuate \u00een scopuri comerciale a materialelor existente pe site.<\/p><p>\u00cen cazul \u00een care \u00een cadrul site-ului exista sec\u021biuni in care utilizatorii pot insera comentarii \u0219i pot exprima opinii personale, imagini sau alte elemente susceptibile a fi protejate de drepturi de proprietate intelectual\u0103, r\u0103spunderea privind con\u021binutul acestora le revine in exclusivitate utilizatorilor \u00een cauz\u0103.<\/p><ol start=\"4\"><li><strong>MODIFICARILE SITE-ULUI<\/strong><\/li><\/ol><p>\u00a0\u00a0\u00a0\u00a0\u00a0\u00a0\u00a0\u00a0\u00a0\u00a0\u00a0 De\u021bin\u0103torul acestui site \u00ee\u0219i rezerv\u0103 dreptul de a modifica sau \u00eentrerupe, temporar sau permanent func\u021bionarea acestuia, \u00een totalitate sau numai \u00een parte. \u00cen acest caz, de\u021bin\u0103torul nu este r\u0103spunz\u0103tor pentru orice modificare, suspendare sau \u00eentrerupere a accesului la site \u0219i la informa\u021biile disponibile la un moment dat prin intermediul acestuia.<\/p><ol start=\"5\"><li><strong>R\u0102SPUNDERE<\/strong><\/li><\/ol><p><strong>\u00a0<\/strong><\/p><p>\u00a0\u00a0\u00a0\u00a0\u00a0\u00a0\u00a0\u00a0\u00a0\u00a0\u00a0 Utilizatorul declar\u0103 \u00een mod expres c\u0103 accept\u0103 urm\u0103toarele condi\u021bii:<\/p><ol><li>Utilizarea serviciilor puse la dispozi\u021bie pe site se face pe propria sa r\u0103spundere.<\/li><li>De\u021bin\u0103torul site-ului nu ofer\u0103 nici o garan\u021bie c\u0103:<\/li><\/ol><ul><li>serviciile \u00eemplinesc toate cerin\u021bele utilizatorilor;<\/li><li>serviciile vor fi ne\u00eentrerupte, la timp, sigure sau f\u0103r\u0103 erori;<\/li><li>erorile de program vor fi corectate.<\/li><\/ul><ol start=\"6\"><li><strong>LIMITELE R\u0102SPUNDERII<\/strong><\/li><\/ol><p><strong>\u00a0<\/strong><\/p><p>\u00a0\u00a0\u00a0\u00a0\u00a0\u00a0\u00a0\u00a0\u00a0\u00a0\u00a0 Utilizatorul accept\u0103 \u00een mod expres c\u0103 de\u021bin\u0103torul site-ului nu este r\u0103spunz\u0103tor pentru daune sau prejudicii directe, indirecte, accidentale, speciale, inclusiv, dar nu limitat la prejudicii prin pierdere de profit, posibilitatea de folosire, date sau alte pierderi intangibile sau incomensurabile, rezult\u00e2nd din:<\/p><p>\u2013 utilizarea sau imposibilitatea utiliz\u0103rii serviciilor\u00a0<strong>WWW.HOTELSTIL.RO<\/strong>;<\/p><p>\u2013 \u00a0acces neautorizat la sau deteriorarea transmisiilor sau datelor Utilizatorului;<\/p><p>\u2013 declara\u021bii sau ac\u021biuni ale unei ter\u021be p\u0103r\u021bi asupra site-ului;<\/p><p>\u2013 orice alt\u0103 problem\u0103 legat\u0103 de serviciile site-ului.<\/p><p><strong>\u00a0<\/strong><\/p><ol start=\"7\"><li><strong>LEGATURA CU ALTE SITE-URI<\/strong><\/li><\/ol><p>Prezentul site poate con\u021bine leg\u0103turi sau trimiteri c\u0103tre alte site-uri considerate de c\u0103tre de\u021bin\u0103torul site-ului ca fiind utile \u00een leg\u0103tur\u0103 cu con\u021binutul site-ului \u0219i care nu se afla sub controlul sau \u00eendrumarea sa. \u00cen cazul utiliz\u0103rii acestor leg\u0103turi sau trimiteri se vor aplica condi\u021biile generale de utilizare corespunz\u0103toare acelor site-uri.<\/p><p>De\u021bin\u0103torul site-ului nu poate garanta\/ controla actualitatea\/ exactitatea informa\u021biilor prezente pe site-urile unor ter\u021bi, la care se face trimitere de pe site-ul s\u0103u.<\/p><p><strong>\u00a0<\/strong><\/p><ol start=\"8\"><li><strong>NOTIFIC\u0102RI \u015eI COMUNIC\u0102RI<\/strong><\/li><\/ol><p>De\u021bin\u0103torul site-ului poate transmite notific\u0103ri\/inform\u0103ri privind schimbarea Termenilor de Utilizare sau alte chestiuni prin afi\u0219area de \u00een\u0219tiin\u021b\u0103ri c\u0103tre utilizatori \u00een mod general, pe site.<\/p><ol start=\"9\"><li><strong>FOR\u0162A MAJOR\u0102<\/strong><\/li><\/ol><p><strong>\u00a0<\/strong><\/p><p>\u00a0\u00a0\u00a0\u00a0\u00a0\u00a0\u00a0\u00a0\u00a0\u00a0\u00a0 De\u021bin\u0103torul site-ului\u00a0<strong>WWW.HOTELSTIL.RO\u00a0<\/strong>nu este obligat a se conforma obliga\u021biilor prev\u0103zute \u00een Termenii de Utilizare, ca urmare a unei cauze aflate \u00een afara controlului s\u0103u, incluz\u00e2nd dar nelimit\u00e2ndu-se la evenimente fortuite, condi\u021bii meteorologice nefavorabile, alte ac\u021biuni sau inac\u021biuni de care administratorii site-ului nu sunt responsabili.<\/p><ol start=\"10\"><li><strong>LEGEA APLICABIL\u0102<\/strong><\/li><\/ol><p>\u00a0\u00a0\u00a0\u00a0\u00a0\u00a0\u00a0\u00a0\u00a0\u00a0\u00a0 Prin accesarea acestui site web, Utilizatorul accept\u0103 ca acest contract \u0219i orice disput\u0103 legat\u0103 de el sunt guvernate \u0219i interpretate \u00een concordan\u021b\u0103 cu legile rom\u00e2ne, iar Utilizatorul admite s\u0103 se supun\u0103 jurisdic\u021biei exclusive a instan\u021belor judec\u0103tore\u0219ti rom\u00e2ne competente.<\/p><p>\u00a0\u00a0\u00a0\u00a0\u00a0\u00a0\u00a0\u00a0\u00a0\u00a0\u00a0 De\u021bin\u0103torul site-ului\u00a0<strong>WWW.HOTELSTIL.RO\u00a0<\/strong>nu ofer\u0103 garan\u021bia c\u0103 con\u021binutul acestui site se supune legilor (inclusiv celor de proprietate intelectual\u0103) altor \u021b\u0103ri in afara Rom\u00e2niei. Dac\u0103 Utilizatorul acceseaz\u0103 acest site din afara Rom\u00e2niei, o face pe riscul s\u0103u \u0219i este singur responsabil de respectarea legilor \u021b\u0103rii \u00een care se afl\u0103.<\/p><p>\u00cen cazul \u00een care un utilizator \u00eencalc\u0103 prevederile legale \u00een vigoare sau reglement\u0103rile aplicabile raporturilor juridice n\u0103scute prin accesarea serviciilor sau facilit\u0103\u021bilor site-ului, acesta poate r\u0103spunde conform legii.<\/p><p>Totodat\u0103, \u00een cazul \u00een care un utilizator \u00eencalc\u0103 prevederile prezentelor clauze ale Termenilor \u0219i condi\u021biilor site-ului, de\u021bin\u0103torul site-ului poate retrage dreptul de utilizare a facilit\u0103\u021bilor \u0219i serviciilor puse la dispozi\u021bie pe site. \u00cen acest sens, de\u021bin\u0103torul site-ului va transmite o informare pe email utilizatorului cu privire la m\u0103sura luat\u0103.<\/p><ol start=\"11\"><li><strong>CLAUZE FINALE<\/strong><\/li><\/ol><p>\u00a0\u00a0\u00a0\u00a0\u00a0\u00a0\u00a0\u00a0\u00a0\u00a0\u00a0 Termenii de fa\u021b\u0103 reglementeaz\u0103 accesul utilizatorilor \u0219i accesul la produsele serviciile furnizate pe site-ul\u00a0<strong>WWW.HOTELSTIL.RO<\/strong>. \u00cen cazul \u00een care, ulterior lans\u0103rii site-ului \u0219i public\u0103rii acestor termeni, vor fi implementate func\u021bii sau servicii suplimentare puse la dispozi\u021bie pe site, acestea vor fi supuse acelora\u0219i reguli \u0219i condi\u021bii cuprinse \u00een prezentele clauze, \u00een cazul \u00een care acestea nu vor beneficia de condi\u021bii distincte de prezentele.<\/p><p><strong>\u00a0<\/strong><\/p><p><strong>Prin accesarea acestui site accepta\u021bi condi\u021biile de mai sus \u0219i sunte\u021bi de acord c\u0103 acesta are valoare unui contract, acceptat \u00een mod tacit, intre utilizator si administratorii site-ului. \u00cen cazul \u00een care nu dori\u021bi s\u0103 respecta\u021bi regulile descrise mai sus, v\u0103 rug\u0103m s\u0103 nu folosi\u021bi informa\u021biile sau serviciile puse la dispozi\u021bie pe acest site.<\/strong><\/p>\t\t\t\t\t\t\t\t<\/div>\n\t\t\t\t<\/div>\n\t\t\t\t\t<\/div>\n\t\t\t\t<\/div>\n\t\t\t\t<\/div>","protected":false},"excerpt":{"rendered":"<p>PREZENTARE \u0218I DEFINI\u0162II \u00a0 Site-ul\u00a0WWW.HOTELSTIL.RO\u00a0este de\u021binut \u0219i operat de c\u0103tre M&amp;T MARKET TRADE PROFESSIONALS SRL, Cu sediul \u00een BUCURESTI, Sector 1, Strada NICOLAE CARAMFIL, Nr. 63, Cod Postal: 014146, Nr. Inreg. ORC: J40\/10575\/1999, CUI: RO12476033, denumit \u00een cele ce urmeaz\u0103 de\u021bin\u0103torul site-ului. Site-ul\u00a0WWW.HOTELSTIL.RO\u00a0prezint\u0103 serviciile oferite \u0219i activitatea derulat\u0103 de c\u0103tre de\u021bin\u0103tor. Totodat\u0103, prin intermediul site-ului [&hellip;]<\/p>\n","protected":false},"author":1,"featured_media":0,"parent":0,"menu_order":0,"comment_status":"closed","ping_status":"closed","template":"elementor_header_footer","meta":{"_acf_changed":false,"footnotes":""},"class_list":["post-437","page","type-page","status-publish","hentry"],"acf":[],"yoast_head":"<!-- This site is optimized with the Yoast SEO plugin v27.3 - https:\/\/yoast.com\/product\/yoast-seo-wordpress\/ -->\n<title>Termeni si Conditii - Hotel Stil Bucharest<\/title>\n<meta name=\"robots\" content=\"index, follow, max-snippet:-1, max-image-preview:large, max-video-preview:-1\" \/>\n<link rel=\"canonical\" href=\"https:\/\/hotelstil.ro\/he\/termeni-si-conditii\/\" \/>\n<meta property=\"og:locale\" content=\"he_IL\" \/>\n<meta property=\"og:type\" content=\"article\" \/>\n<meta property=\"og:title\" content=\"Termeni si Conditii - Hotel Stil Bucharest\" \/>\n<meta property=\"og:description\" content=\"PREZENTARE \u0218I DEFINI\u0162II \u00a0 Site-ul\u00a0WWW.HOTELSTIL.RO\u00a0este de\u021binut \u0219i operat de c\u0103tre M&amp;T MARKET TRADE PROFESSIONALS SRL, Cu sediul \u00een BUCURESTI, Sector 1, Strada NICOLAE CARAMFIL, Nr. 63, Cod Postal: 014146, Nr. Inreg. ORC: J40\/10575\/1999, CUI: RO12476033, denumit \u00een cele ce urmeaz\u0103 de\u021bin\u0103torul site-ului. Site-ul\u00a0WWW.HOTELSTIL.RO\u00a0prezint\u0103 serviciile oferite \u0219i activitatea derulat\u0103 de c\u0103tre de\u021bin\u0103tor. Totodat\u0103, prin intermediul site-ului [&hellip;]\" \/>\n<meta property=\"og:url\" content=\"https:\/\/hotelstil.ro\/he\/termeni-si-conditii\/\" \/>\n<meta property=\"og:site_name\" content=\"Hotel Stil Bucharest\" \/>\n<meta property=\"article:modified_time\" content=\"2025-01-24T12:12:22+00:00\" \/>\n<meta name=\"twitter:card\" content=\"summary_large_image\" \/>\n<meta name=\"twitter:label1\" content=\"\u05d6\u05de\u05df \u05e7\u05e8\u05d9\u05d0\u05d4 \u05de\u05d5\u05e2\u05e8\u05da\" \/>\n\t<meta name=\"twitter:data1\" content=\"5 \u05d3\u05e7\u05d5\u05ea\" \/>\n<script type=\"application\/ld+json\" class=\"yoast-schema-graph\">{\"@context\":\"https:\\\/\\\/schema.org\",\"@graph\":[{\"@type\":\"WebPage\",\"@id\":\"https:\\\/\\\/hotelstil.ro\\\/termeni-si-conditii\\\/\",\"url\":\"https:\\\/\\\/hotelstil.ro\\\/termeni-si-conditii\\\/\",\"name\":\"Termeni si Conditii - Hotel Stil Bucharest\",\"isPartOf\":{\"@id\":\"https:\\\/\\\/hotelstil.ro\\\/#website\"},\"datePublished\":\"2025-01-24T12:09:28+00:00\",\"dateModified\":\"2025-01-24T12:12:22+00:00\",\"breadcrumb\":{\"@id\":\"https:\\\/\\\/hotelstil.ro\\\/termeni-si-conditii\\\/#breadcrumb\"},\"inLanguage\":\"he-IL\",\"potentialAction\":[{\"@type\":\"ReadAction\",\"target\":[\"https:\\\/\\\/hotelstil.ro\\\/termeni-si-conditii\\\/\"]}]},{\"@type\":\"BreadcrumbList\",\"@id\":\"https:\\\/\\\/hotelstil.ro\\\/termeni-si-conditii\\\/#breadcrumb\",\"itemListElement\":[{\"@type\":\"ListItem\",\"position\":1,\"name\":\"Home\",\"item\":\"https:\\\/\\\/hotelstil.ro\\\/\"},{\"@type\":\"ListItem\",\"position\":2,\"name\":\"Termeni si Conditii\"}]},{\"@type\":\"WebSite\",\"@id\":\"https:\\\/\\\/hotelstil.ro\\\/#website\",\"url\":\"https:\\\/\\\/hotelstil.ro\\\/\",\"name\":\"Hotel Stil Bucharest\",\"description\":\"Hotel Stil Bucharest\",\"publisher\":{\"@id\":\"https:\\\/\\\/hotelstil.ro\\\/#organization\"},\"potentialAction\":[{\"@type\":\"SearchAction\",\"target\":{\"@type\":\"EntryPoint\",\"urlTemplate\":\"https:\\\/\\\/hotelstil.ro\\\/?s={search_term_string}\"},\"query-input\":{\"@type\":\"PropertyValueSpecification\",\"valueRequired\":true,\"valueName\":\"search_term_string\"}}],\"inLanguage\":\"he-IL\"},{\"@type\":\"Organization\",\"@id\":\"https:\\\/\\\/hotelstil.ro\\\/#organization\",\"name\":\"Hotel Stil Bucharest\",\"url\":\"https:\\\/\\\/hotelstil.ro\\\/\",\"logo\":{\"@type\":\"ImageObject\",\"inLanguage\":\"he-IL\",\"@id\":\"https:\\\/\\\/hotelstil.ro\\\/#\\\/schema\\\/logo\\\/image\\\/\",\"url\":\"https:\\\/\\\/hotelstil.ro\\\/wp-content\\\/uploads\\\/2025\\\/01\\\/1-1.png\",\"contentUrl\":\"https:\\\/\\\/hotelstil.ro\\\/wp-content\\\/uploads\\\/2025\\\/01\\\/1-1.png\",\"width\":500,\"height\":500,\"caption\":\"Hotel Stil Bucharest\"},\"image\":{\"@id\":\"https:\\\/\\\/hotelstil.ro\\\/#\\\/schema\\\/logo\\\/image\\\/\"}}]}<\/script>\n<!-- \/ Yoast SEO plugin. -->","yoast_head_json":{"title":"Termeni si Conditii - Hotel Stil Bucharest","robots":{"index":"index","follow":"follow","max-snippet":"max-snippet:-1","max-image-preview":"max-image-preview:large","max-video-preview":"max-video-preview:-1"},"canonical":"https:\/\/hotelstil.ro\/he\/termeni-si-conditii\/","og_locale":"he_IL","og_type":"article","og_title":"Termeni si Conditii - Hotel Stil Bucharest","og_description":"PREZENTARE \u0218I DEFINI\u0162II \u00a0 Site-ul\u00a0WWW.HOTELSTIL.RO\u00a0este de\u021binut \u0219i operat de c\u0103tre M&amp;T MARKET TRADE PROFESSIONALS SRL, Cu sediul \u00een BUCURESTI, Sector 1, Strada NICOLAE CARAMFIL, Nr. 63, Cod Postal: 014146, Nr. Inreg. ORC: J40\/10575\/1999, CUI: RO12476033, denumit \u00een cele ce urmeaz\u0103 de\u021bin\u0103torul site-ului. Site-ul\u00a0WWW.HOTELSTIL.RO\u00a0prezint\u0103 serviciile oferite \u0219i activitatea derulat\u0103 de c\u0103tre de\u021bin\u0103tor. Totodat\u0103, prin intermediul site-ului [&hellip;]","og_url":"https:\/\/hotelstil.ro\/he\/termeni-si-conditii\/","og_site_name":"Hotel Stil Bucharest","article_modified_time":"2025-01-24T12:12:22+00:00","twitter_card":"summary_large_image","twitter_misc":{"\u05d6\u05de\u05df \u05e7\u05e8\u05d9\u05d0\u05d4 \u05de\u05d5\u05e2\u05e8\u05da":"5 \u05d3\u05e7\u05d5\u05ea"},"schema":{"@context":"https:\/\/schema.org","@graph":[{"@type":"WebPage","@id":"https:\/\/hotelstil.ro\/termeni-si-conditii\/","url":"https:\/\/hotelstil.ro\/termeni-si-conditii\/","name":"Termeni si Conditii - Hotel Stil Bucharest","isPartOf":{"@id":"https:\/\/hotelstil.ro\/#website"},"datePublished":"2025-01-24T12:09:28+00:00","dateModified":"2025-01-24T12:12:22+00:00","breadcrumb":{"@id":"https:\/\/hotelstil.ro\/termeni-si-conditii\/#breadcrumb"},"inLanguage":"he-IL","potentialAction":[{"@type":"ReadAction","target":["https:\/\/hotelstil.ro\/termeni-si-conditii\/"]}]},{"@type":"BreadcrumbList","@id":"https:\/\/hotelstil.ro\/termeni-si-conditii\/#breadcrumb","itemListElement":[{"@type":"ListItem","position":1,"name":"Home","item":"https:\/\/hotelstil.ro\/"},{"@type":"ListItem","position":2,"name":"Termeni si Conditii"}]},{"@type":"WebSite","@id":"https:\/\/hotelstil.ro\/#website","url":"https:\/\/hotelstil.ro\/","name":"Hotel Stil Bucharest","description":"Hotel Stil Bucharest","publisher":{"@id":"https:\/\/hotelstil.ro\/#organization"},"potentialAction":[{"@type":"SearchAction","target":{"@type":"EntryPoint","urlTemplate":"https:\/\/hotelstil.ro\/?s={search_term_string}"},"query-input":{"@type":"PropertyValueSpecification","valueRequired":true,"valueName":"search_term_string"}}],"inLanguage":"he-IL"},{"@type":"Organization","@id":"https:\/\/hotelstil.ro\/#organization","name":"Hotel Stil Bucharest","url":"https:\/\/hotelstil.ro\/","logo":{"@type":"ImageObject","inLanguage":"he-IL","@id":"https:\/\/hotelstil.ro\/#\/schema\/logo\/image\/","url":"https:\/\/hotelstil.ro\/wp-content\/uploads\/2025\/01\/1-1.png","contentUrl":"https:\/\/hotelstil.ro\/wp-content\/uploads\/2025\/01\/1-1.png","width":500,"height":500,"caption":"Hotel Stil Bucharest"},"image":{"@id":"https:\/\/hotelstil.ro\/#\/schema\/logo\/image\/"}}]}},"_links":{"self":[{"href":"https:\/\/hotelstil.ro\/he\/wp-json\/wp\/v2\/pages\/437","targetHints":{"allow":["GET"]}}],"collection":[{"href":"https:\/\/hotelstil.ro\/he\/wp-json\/wp\/v2\/pages"}],"about":[{"href":"https:\/\/hotelstil.ro\/he\/wp-json\/wp\/v2\/types\/page"}],"author":[{"embeddable":true,"href":"https:\/\/hotelstil.ro\/he\/wp-json\/wp\/v2\/users\/1"}],"replies":[{"embeddable":true,"href":"https:\/\/hotelstil.ro\/he\/wp-json\/wp\/v2\/comments?post=437"}],"version-history":[{"count":4,"href":"https:\/\/hotelstil.ro\/he\/wp-json\/wp\/v2\/pages\/437\/revisions"}],"predecessor-version":[{"id":441,"href":"https:\/\/hotelstil.ro\/he\/wp-json\/wp\/v2\/pages\/437\/revisions\/441"}],"wp:attachment":[{"href":"https:\/\/hotelstil.ro\/he\/wp-json\/wp\/v2\/media?parent=437"}],"curies":[{"name":"wp","href":"https:\/\/api.w.org\/{rel}","templated":true}]}}