{"id":437,"date":"2025-01-24T12:09:28","date_gmt":"2025-01-24T12:09:28","guid":{"rendered":"https:\/\/hotelstil.ro\/?page_id=437"},"modified":"2025-01-24T12:12:22","modified_gmt":"2025-01-24T12:12:22","slug":"termeni-si-conditii","status":"publish","type":"page","link":"https:\/\/hotelstil.ro\/fr\/termeni-si-conditii\/","title":{"rendered":"Conditions g\u00e9n\u00e9rales d'utilisation"},"content":{"rendered":"<div data-elementor-type=\"wp-page\" data-elementor-id=\"437\" class=\"elementor elementor-437\" data-elementor-post-type=\"page\">\n\t\t\t\t<div class=\"elementor-element elementor-element-5abc720 e-flex e-con-boxed e-con e-parent\" data-id=\"5abc720\" data-element_type=\"container\" data-e-type=\"container\" data-settings=\"{&quot;background_background&quot;:&quot;classic&quot;}\">\n\t\t\t\t\t<div class=\"e-con-inner\">\n\t\t\t\t\t<\/div>\n\t\t\t\t<\/div>\n\t\t<div class=\"elementor-element elementor-element-3a0bdc2 e-flex e-con-boxed e-con e-parent\" data-id=\"3a0bdc2\" data-element_type=\"container\" data-e-type=\"container\">\n\t\t\t\t\t<div class=\"e-con-inner\">\n\t\t\t\t<div class=\"elementor-element elementor-element-a95f416 elementor-widget elementor-widget-text-editor\" data-id=\"a95f416\" data-element_type=\"widget\" data-e-type=\"widget\" data-widget_type=\"text-editor.default\">\n\t\t\t\t<div class=\"elementor-widget-container\">\n\t\t\t\t\t\t\t\t\t<ol><li><strong>VUE D'ENSEMBLE ET D\u00c9FINITIONS<\/strong><\/li><\/ol><p><strong>\u00a0<\/strong><\/p><p>Site web<strong>\u00a0WWW.HOTELSTIL.RO\u00a0<\/strong>est d\u00e9tenu et exploit\u00e9 par M&amp;T MARKET TRADE PROFESSIONALS SRL, dont le si\u00e8ge social est situ\u00e9 \u00e0 BUCHURESTI, Sector 1, Strada NICOLAE CARAMFIL, Nr. 63, Postal Code : 014146, Nr. Inreg. ORC : J40\/10575\/1999, CUI : RO12476033, ci-apr\u00e8s d\u00e9nomm\u00e9 le propri\u00e9taire du site.<\/p><p>Site web\u00a0<strong>WWW.HOTELSTIL.RO\u00a0<\/strong>pr\u00e9sente les services offerts et l'activit\u00e9 exerc\u00e9e par le propri\u00e9taire. Parall\u00e8lement, le site web offre la possibilit\u00e9 de s'abonner pour recevoir des informations p\u00e9riodiques (news-letter), ainsi que l'acc\u00e8s aux services fournis par le propri\u00e9taire (contenu du site web), services soumis aux pr\u00e9sentes conditions, sauf conditions particuli\u00e8res stipul\u00e9es au cas par cas.<\/p><p>Informations sur\u00a0<strong>WWW.HOTELSTIL.RO\u00a0<\/strong>sont mis gratuitement \u00e0 la disposition des utilisateurs, \u00e0 l'exception des produits ou services pour lesquels des prix sont sp\u00e9cifi\u00e9s.<\/p><p>Les termes suivants sont d\u00e9finis comme suit :<\/p><ul><li><strong><em>Utilisateur<\/em><\/strong>\u00a0- toute personne qui acc\u00e8de au site, int\u00e9ress\u00e9e par les services du propri\u00e9taire du site, s'inscrit pour recevoir des informations r\u00e9guli\u00e8res (newsletter) et qui s'engage implicitement \u00e0 respecter cet ensemble de r\u00e8gles, \u00e9tant responsable de ses actions sur le site ;<\/li><li><strong><em>service<\/em><\/strong>\u00a0- fournir \u00e0 l'utilisateur l'acc\u00e8s \u00e0 la plateforme par laquelle il peut s'inscrire pour recevoir des informations p\u00e9riodiques (newsletter) ; fournir \u00e0 l'utilisateur l'acc\u00e8s au contenu du site web et aux produits commercialis\u00e9s par l'interm\u00e9diaire du site web en fonction des options de l'utilisateur.<\/li><\/ul><p><strong>\u00a0<\/strong><\/p><ol start=\"2\"><li><strong>ENREGISTREMENT DES UTILISATEURS<\/strong><\/li><\/ol><p><strong>\u00a0<\/strong><\/p><p>Aucune inscription n'est requise pour acc\u00e9der au site web et aux sections de pr\u00e9sentation.<\/p><p>L'enregistrement de l'utilisateur n'est obligatoire que si l'utilisateur s'inscrit pour recevoir une lettre d'information r\u00e9guli\u00e8re, auquel cas il s'inscrira avec une adresse \u00e9lectronique pour l'identification et l'authentification au site\/\u00e0 la lettre d'information hebdomadaire.<\/p><p>Le propri\u00e9taire du site web se r\u00e9serve le droit (mais non l'obligation) de v\u00e9rifier l'exactitude des donn\u00e9es d'enregistrement de l'utilisateur. Si les informations fournies par l'utilisateur s'av\u00e8rent inexactes, le propri\u00e9taire du site se r\u00e9serve le droit de refuser \u00e0 l'utilisateur l'acc\u00e8s aux services offerts sur le site.<\/p><p>En acc\u00e9dant au Site et aux Services mis \u00e0 disposition, l'Utilisateur garantit qu'il fournit au propri\u00e9taire du Site des donn\u00e9es exactes et qu'il est seul responsable des informations fournies.<\/p><p><strong>\u00a0<\/strong><\/p><ol start=\"3\"><li><strong>LES OBLIGATIONS DE L'UTILISATEUR. LA PROPRI\u00c9T\u00c9 INTELLECTUELLE<\/strong><\/li><\/ol><p><strong>\u00a0<\/strong><\/p><p>L'utilisation du site est autoris\u00e9e de bonne foi, \u00e0 titre d'information et pour l'utilisation des services fournis sur le site.<\/p><p>Les repr\u00e9sentations stylis\u00e9es, les cr\u00e9ations graphiques, les logos et les symboles associ\u00e9s et leurs combinaisons avec tout mot ou symbole graphique, les photographies, les mat\u00e9riels audio - vid\u00e9o, les contenus utilis\u00e9s sur ce site, sont la propri\u00e9t\u00e9 exclusive du propri\u00e9taire du site ou il a acquis le droit de les utiliser, \u00e0 l'exception de ceux appartenant \u00e0 d'autres entit\u00e9s.<\/p><p>Les utilisateurs ne peuvent pas s'approprier le contenu du site, ni intervenir, modifier ou supprimer son contenu (textes, images, logos, etc.). Toute infraction \u00e0 cette r\u00e8gle constitue une violation du droit d'auteur, du droit des marques ou de tout autre droit de propri\u00e9t\u00e9 intellectuelle.<\/p><p>Vous ne pouvez pas copier, multiplier, distribuer, diffuser, archiver ou stocker, par quelque moyen que ce soit, \u00e0 des fins commerciales, tout mat\u00e9riel figurant sur le site.<\/p><p>S'il existe des sections du site o\u00f9 les utilisateurs peuvent ins\u00e9rer des commentaires et exprimer des opinions personnelles, des images ou d'autres \u00e9l\u00e9ments susceptibles d'\u00eatre prot\u00e9g\u00e9s par des droits de propri\u00e9t\u00e9 intellectuelle, la responsabilit\u00e9 de leur contenu incombe exclusivement aux utilisateurs concern\u00e9s.<\/p><ol start=\"4\"><li><strong>MODIFICATIONS DU SITE<\/strong><\/li><\/ol><p>\u00a0\u00a0\u00a0\u00a0\u00a0\u00a0\u00a0\u00a0\u00a0\u00a0\u00a0 Le propri\u00e9taire de ce site se r\u00e9serve le droit de modifier ou d'interrompre, temporairement ou d\u00e9finitivement, son fonctionnement, en tout ou en partie. Dans ce cas, le propri\u00e9taire n'est pas responsable de la modification, de la suspension ou de l'interruption de l'acc\u00e8s au site et aux informations disponibles \u00e0 tout moment via le site.<\/p><ol start=\"5\"><li><strong>R\u00c9PONSE<\/strong><\/li><\/ol><p><strong>\u00a0<\/strong><\/p><p>\u00a0\u00a0\u00a0\u00a0\u00a0\u00a0\u00a0\u00a0\u00a0\u00a0\u00a0 L'utilisateur d\u00e9clare express\u00e9ment accepter les conditions suivantes :<\/p><ol><li>L'utilisation des services mis \u00e0 disposition sur le site web se fait \u00e0 vos propres risques.<\/li><li>Le propri\u00e9taire du site ne garantit pas que :<\/li><\/ol><ul><li>r\u00e9pondent \u00e0 toutes les exigences des utilisateurs ;<\/li><li>les services seront ininterrompus, ponctuels, s\u00fbrs ou exempts d'erreurs ;<\/li><li>les erreurs de programme seront corrig\u00e9es.<\/li><\/ul><ol start=\"6\"><li><strong>LIMITES DE RESPONSABILIT\u00c9<\/strong><\/li><\/ol><p><strong>\u00a0<\/strong><\/p><p>\u00a0\u00a0\u00a0\u00a0\u00a0\u00a0\u00a0\u00a0\u00a0\u00a0\u00a0 Utilizatorul accept\u0103 \u00een mod expres c\u0103 de\u021bin\u0103torul site-ului nu este r\u0103spunz\u0103tor pentru daune sau prejudicii directe, indirecte, accidentale, speciale, inclusiv, dar nu limitat la prejudicii prin pierdere de profit, posibilitatea de folosire, date sau alte pierderi intangibile sau incomensurabile, rezult\u00e2nd din:<\/p><p>- l'utilisation ou l'impossibilit\u00e9 d'utiliser les services\u00a0<strong>WWW.HOTELSTIL.RO<\/strong>;<\/p><p>- l'acc\u00e8s non autoris\u00e9 ou l'endommagement des transmissions ou des donn\u00e9es de l'utilisateur ;<\/p><p>- les d\u00e9clarations ou actions de tiers sur le site web ;<\/p><p>- tout autre probl\u00e8me li\u00e9 aux services du site web.<\/p><p><strong>\u00a0<\/strong><\/p><ol start=\"7\"><li><strong>LIEN VERS D'AUTRES SITES<\/strong><\/li><\/ol><p>Ce site web peut contenir des liens ou des r\u00e9f\u00e9rences \u00e0 d'autres sites web que le propri\u00e9taire du site consid\u00e8re comme utiles par rapport au contenu du site et qui ne sont pas sous son contr\u00f4le ou sa direction. L'utilisation de ces liens ou r\u00e9f\u00e9rences est soumise aux conditions d'utilisation applicables \u00e0 ces sites.<\/p><p>Le propri\u00e9taire du site ne peut garantir\/contr\u00f4ler l'actualit\u00e9\/l'exactitude des informations pr\u00e9sentes sur les sites Web de tiers li\u00e9s \u00e0 son site.<\/p><p><strong>\u00a0<\/strong><\/p><ol start=\"8\"><li><strong>NOTIFICATIONS ET COMMUNICATIONS<\/strong><\/li><\/ol><p>Le propri\u00e9taire du site peut fournir des avis\/informations concernant des modifications des conditions d'utilisation ou d'autres questions en affichant des avis aux utilisateurs en g\u00e9n\u00e9ral sur le site.<\/p><ol start=\"9\"><li><strong>FORCE MAJEURE<\/strong><\/li><\/ol><p><strong>\u00a0<\/strong><\/p><p>\u00a0\u00a0\u00a0\u00a0\u00a0\u00a0\u00a0\u00a0\u00a0\u00a0\u00a0 Propri\u00e9taire du site\u00a0<strong>WWW.HOTELSTIL.RO\u00a0<\/strong>n'est pas tenu de respecter les obligations \u00e9nonc\u00e9es dans les conditions d'utilisation en raison d'une cause ind\u00e9pendante de sa volont\u00e9, y compris, mais sans s'y limiter, les cas fortuits, les conditions m\u00e9t\u00e9orologiques d\u00e9favorables, d'autres actions ou inactions pour lesquelles les administrateurs du site ne sont pas responsables.<\/p><ol start=\"10\"><li><strong>DROIT APPLICABLE<\/strong><\/li><\/ol><p>\u00a0\u00a0\u00a0\u00a0\u00a0\u00a0\u00a0\u00a0\u00a0\u00a0\u00a0 En acc\u00e9dant \u00e0 ce site web, l'utilisateur accepte que le pr\u00e9sent contrat et tout litige y aff\u00e9rent soient r\u00e9gis et interpr\u00e9t\u00e9s conform\u00e9ment aux lois roumaines, et l'utilisateur accepte de se soumettre \u00e0 la juridiction exclusive des tribunaux roumains comp\u00e9tents.<\/p><p>\u00a0\u00a0\u00a0\u00a0\u00a0\u00a0\u00a0\u00a0\u00a0\u00a0\u00a0 Propri\u00e9taire du site\u00a0<strong>WWW.HOTELSTIL.RO\u00a0<\/strong>ne garantit pas que le contenu de ce site est soumis aux lois (y compris les lois sur la propri\u00e9t\u00e9 intellectuelle) des pays autres que la Roumanie. Si l'utilisateur acc\u00e8de \u00e0 ce site \u00e0 partir d'un pays autre que la Roumanie, il le fait \u00e0 ses propres risques et est seul responsable du respect des lois du pays dans lequel il se trouve.<\/p><p>Si un utilisateur enfreint les dispositions l\u00e9gales en vigueur ou la r\u00e9glementation applicable aux relations juridiques d\u00e9coulant de l'acc\u00e8s aux services ou aux installations du site web, sa responsabilit\u00e9 peut \u00eatre engag\u00e9e conform\u00e9ment \u00e0 la loi.<\/p><p>Dans le m\u00eame temps, si un utilisateur enfreint les dispositions des pr\u00e9sentes conditions g\u00e9n\u00e9rales, le propri\u00e9taire du site web peut lui retirer le droit d'utiliser les installations et services mis \u00e0 disposition sur le site web. \u00c0 cet \u00e9gard, le propri\u00e9taire du site web informera l'utilisateur par courrier \u00e9lectronique de la mesure prise.<\/p><ol start=\"11\"><li><strong>CLAUSE FINALE<\/strong><\/li><\/ol><p>\u00a0\u00a0\u00a0\u00a0\u00a0\u00a0\u00a0\u00a0\u00a0\u00a0\u00a0 Les pr\u00e9sentes conditions r\u00e9gissent l'acc\u00e8s des utilisateurs et l'acc\u00e8s aux produits et services fournis sur le site web\u00a0<strong>WWW.HOTELSTIL.RO<\/strong>. Si, apr\u00e8s le lancement du site web et la publication des pr\u00e9sentes conditions, des fonctions ou des services suppl\u00e9mentaires mis \u00e0 disposition sur le site web sont mis en \u0153uvre, ils seront soumis aux m\u00eames r\u00e8gles et conditions que celles contenues dans les pr\u00e9sentes conditions, \u00e0 moins qu'ils ne b\u00e9n\u00e9ficient de conditions distinctes des pr\u00e9sentes conditions.<\/p><p><strong>\u00a0<\/strong><\/p><p><strong>En acc\u00e9dant \u00e0 ce site, vous acceptez les conditions ci-dessus et reconnaissez qu'elles ont valeur de contrat, tacitement accept\u00e9, entre l'utilisateur et les administrateurs du site. Si vous ne souhaitez pas respecter les r\u00e8gles d\u00e9crites ci-dessus, veuillez ne pas utiliser les informations ou les services mis \u00e0 disposition sur ce site.<\/strong><\/p>\t\t\t\t\t\t\t\t<\/div>\n\t\t\t\t<\/div>\n\t\t\t\t\t<\/div>\n\t\t\t\t<\/div>\n\t\t\t\t<\/div>","protected":false},"excerpt":{"rendered":"<p>PREZENTARE \u0218I DEFINI\u0162II \u00a0 Site-ul\u00a0WWW.HOTELSTIL.RO\u00a0este de\u021binut \u0219i operat de c\u0103tre M&amp;T MARKET TRADE PROFESSIONALS SRL, Cu sediul \u00een BUCURESTI, Sector 1, Strada NICOLAE CARAMFIL, Nr. 63, Cod Postal: 014146, Nr. Inreg. ORC: J40\/10575\/1999, CUI: RO12476033, denumit \u00een cele ce urmeaz\u0103 de\u021bin\u0103torul site-ului. Site-ul\u00a0WWW.HOTELSTIL.RO\u00a0prezint\u0103 serviciile oferite \u0219i activitatea derulat\u0103 de c\u0103tre de\u021bin\u0103tor. Totodat\u0103, prin intermediul site-ului [&hellip;]<\/p>\n","protected":false},"author":1,"featured_media":0,"parent":0,"menu_order":0,"comment_status":"closed","ping_status":"closed","template":"elementor_header_footer","meta":{"_acf_changed":false,"footnotes":""},"class_list":["post-437","page","type-page","status-publish","hentry"],"acf":[],"yoast_head":"<!-- This site is optimized with the Yoast SEO plugin v27.3 - https:\/\/yoast.com\/product\/yoast-seo-wordpress\/ -->\n<title>Termeni si Conditii - Hotel Stil Bucharest<\/title>\n<meta name=\"robots\" content=\"index, follow, max-snippet:-1, max-image-preview:large, max-video-preview:-1\" \/>\n<link rel=\"canonical\" href=\"https:\/\/hotelstil.ro\/fr\/termeni-si-conditii\/\" \/>\n<meta property=\"og:locale\" content=\"fr_FR\" \/>\n<meta property=\"og:type\" content=\"article\" \/>\n<meta property=\"og:title\" content=\"Termeni si Conditii - Hotel Stil Bucharest\" \/>\n<meta property=\"og:description\" content=\"PREZENTARE \u0218I DEFINI\u0162II \u00a0 Site-ul\u00a0WWW.HOTELSTIL.RO\u00a0este de\u021binut \u0219i operat de c\u0103tre M&amp;T MARKET TRADE PROFESSIONALS SRL, Cu sediul \u00een BUCURESTI, Sector 1, Strada NICOLAE CARAMFIL, Nr. 63, Cod Postal: 014146, Nr. Inreg. ORC: J40\/10575\/1999, CUI: RO12476033, denumit \u00een cele ce urmeaz\u0103 de\u021bin\u0103torul site-ului. Site-ul\u00a0WWW.HOTELSTIL.RO\u00a0prezint\u0103 serviciile oferite \u0219i activitatea derulat\u0103 de c\u0103tre de\u021bin\u0103tor. Totodat\u0103, prin intermediul site-ului [&hellip;]\" \/>\n<meta property=\"og:url\" content=\"https:\/\/hotelstil.ro\/fr\/termeni-si-conditii\/\" \/>\n<meta property=\"og:site_name\" content=\"Hotel Stil Bucharest\" \/>\n<meta property=\"article:modified_time\" content=\"2025-01-24T12:12:22+00:00\" \/>\n<meta name=\"twitter:card\" content=\"summary_large_image\" \/>\n<meta name=\"twitter:label1\" content=\"Dur\u00e9e de lecture estim\u00e9e\" \/>\n\t<meta name=\"twitter:data1\" content=\"5 minutes\" \/>\n<script type=\"application\/ld+json\" class=\"yoast-schema-graph\">{\"@context\":\"https:\\\/\\\/schema.org\",\"@graph\":[{\"@type\":\"WebPage\",\"@id\":\"https:\\\/\\\/hotelstil.ro\\\/termeni-si-conditii\\\/\",\"url\":\"https:\\\/\\\/hotelstil.ro\\\/termeni-si-conditii\\\/\",\"name\":\"Termeni si Conditii - Hotel Stil Bucharest\",\"isPartOf\":{\"@id\":\"https:\\\/\\\/hotelstil.ro\\\/#website\"},\"datePublished\":\"2025-01-24T12:09:28+00:00\",\"dateModified\":\"2025-01-24T12:12:22+00:00\",\"breadcrumb\":{\"@id\":\"https:\\\/\\\/hotelstil.ro\\\/termeni-si-conditii\\\/#breadcrumb\"},\"inLanguage\":\"fr-FR\",\"potentialAction\":[{\"@type\":\"ReadAction\",\"target\":[\"https:\\\/\\\/hotelstil.ro\\\/termeni-si-conditii\\\/\"]}]},{\"@type\":\"BreadcrumbList\",\"@id\":\"https:\\\/\\\/hotelstil.ro\\\/termeni-si-conditii\\\/#breadcrumb\",\"itemListElement\":[{\"@type\":\"ListItem\",\"position\":1,\"name\":\"Home\",\"item\":\"https:\\\/\\\/hotelstil.ro\\\/\"},{\"@type\":\"ListItem\",\"position\":2,\"name\":\"Termeni si Conditii\"}]},{\"@type\":\"WebSite\",\"@id\":\"https:\\\/\\\/hotelstil.ro\\\/#website\",\"url\":\"https:\\\/\\\/hotelstil.ro\\\/\",\"name\":\"Hotel Stil Bucharest\",\"description\":\"Hotel Stil Bucharest\",\"publisher\":{\"@id\":\"https:\\\/\\\/hotelstil.ro\\\/#organization\"},\"potentialAction\":[{\"@type\":\"SearchAction\",\"target\":{\"@type\":\"EntryPoint\",\"urlTemplate\":\"https:\\\/\\\/hotelstil.ro\\\/?s={search_term_string}\"},\"query-input\":{\"@type\":\"PropertyValueSpecification\",\"valueRequired\":true,\"valueName\":\"search_term_string\"}}],\"inLanguage\":\"fr-FR\"},{\"@type\":\"Organization\",\"@id\":\"https:\\\/\\\/hotelstil.ro\\\/#organization\",\"name\":\"Hotel Stil Bucharest\",\"url\":\"https:\\\/\\\/hotelstil.ro\\\/\",\"logo\":{\"@type\":\"ImageObject\",\"inLanguage\":\"fr-FR\",\"@id\":\"https:\\\/\\\/hotelstil.ro\\\/#\\\/schema\\\/logo\\\/image\\\/\",\"url\":\"https:\\\/\\\/hotelstil.ro\\\/wp-content\\\/uploads\\\/2025\\\/01\\\/1-1.png\",\"contentUrl\":\"https:\\\/\\\/hotelstil.ro\\\/wp-content\\\/uploads\\\/2025\\\/01\\\/1-1.png\",\"width\":500,\"height\":500,\"caption\":\"Hotel Stil Bucharest\"},\"image\":{\"@id\":\"https:\\\/\\\/hotelstil.ro\\\/#\\\/schema\\\/logo\\\/image\\\/\"}}]}<\/script>\n<!-- \/ Yoast SEO plugin. -->","yoast_head_json":{"title":"Conditions d'utilisation - Hotel Stil Bucharest","robots":{"index":"index","follow":"follow","max-snippet":"max-snippet:-1","max-image-preview":"max-image-preview:large","max-video-preview":"max-video-preview:-1"},"canonical":"https:\/\/hotelstil.ro\/fr\/termeni-si-conditii\/","og_locale":"fr_FR","og_type":"article","og_title":"Termeni si Conditii - Hotel Stil Bucharest","og_description":"PREZENTARE \u0218I DEFINI\u0162II \u00a0 Site-ul\u00a0WWW.HOTELSTIL.RO\u00a0este de\u021binut \u0219i operat de c\u0103tre M&amp;T MARKET TRADE PROFESSIONALS SRL, Cu sediul \u00een BUCURESTI, Sector 1, Strada NICOLAE CARAMFIL, Nr. 63, Cod Postal: 014146, Nr. Inreg. ORC: J40\/10575\/1999, CUI: RO12476033, denumit \u00een cele ce urmeaz\u0103 de\u021bin\u0103torul site-ului. Site-ul\u00a0WWW.HOTELSTIL.RO\u00a0prezint\u0103 serviciile oferite \u0219i activitatea derulat\u0103 de c\u0103tre de\u021bin\u0103tor. Totodat\u0103, prin intermediul site-ului [&hellip;]","og_url":"https:\/\/hotelstil.ro\/fr\/termeni-si-conditii\/","og_site_name":"Hotel Stil Bucharest","article_modified_time":"2025-01-24T12:12:22+00:00","twitter_card":"summary_large_image","twitter_misc":{"Dur\u00e9e de lecture estim\u00e9e":"5 minutes"},"schema":{"@context":"https:\/\/schema.org","@graph":[{"@type":"WebPage","@id":"https:\/\/hotelstil.ro\/termeni-si-conditii\/","url":"https:\/\/hotelstil.ro\/termeni-si-conditii\/","name":"Conditions d'utilisation - Hotel Stil Bucharest","isPartOf":{"@id":"https:\/\/hotelstil.ro\/#website"},"datePublished":"2025-01-24T12:09:28+00:00","dateModified":"2025-01-24T12:12:22+00:00","breadcrumb":{"@id":"https:\/\/hotelstil.ro\/termeni-si-conditii\/#breadcrumb"},"inLanguage":"fr-FR","potentialAction":[{"@type":"ReadAction","target":["https:\/\/hotelstil.ro\/termeni-si-conditii\/"]}]},{"@type":"BreadcrumbList","@id":"https:\/\/hotelstil.ro\/termeni-si-conditii\/#breadcrumb","itemListElement":[{"@type":"ListItem","position":1,"name":"Home","item":"https:\/\/hotelstil.ro\/"},{"@type":"ListItem","position":2,"name":"Termeni si Conditii"}]},{"@type":"WebSite","@id":"https:\/\/hotelstil.ro\/#website","url":"https:\/\/hotelstil.ro\/","name":"H\u00f4tel Stil Bucarest","description":"H\u00f4tel Stil Bucarest","publisher":{"@id":"https:\/\/hotelstil.ro\/#organization"},"potentialAction":[{"@type":"SearchAction","target":{"@type":"EntryPoint","urlTemplate":"https:\/\/hotelstil.ro\/?s={search_term_string}"},"query-input":{"@type":"PropertyValueSpecification","valueRequired":true,"valueName":"search_term_string"}}],"inLanguage":"fr-FR"},{"@type":"Organization","@id":"https:\/\/hotelstil.ro\/#organization","name":"H\u00f4tel Stil Bucarest","url":"https:\/\/hotelstil.ro\/","logo":{"@type":"ImageObject","inLanguage":"fr-FR","@id":"https:\/\/hotelstil.ro\/#\/schema\/logo\/image\/","url":"https:\/\/hotelstil.ro\/wp-content\/uploads\/2025\/01\/1-1.png","contentUrl":"https:\/\/hotelstil.ro\/wp-content\/uploads\/2025\/01\/1-1.png","width":500,"height":500,"caption":"Hotel Stil Bucharest"},"image":{"@id":"https:\/\/hotelstil.ro\/#\/schema\/logo\/image\/"}}]}},"_links":{"self":[{"href":"https:\/\/hotelstil.ro\/fr\/wp-json\/wp\/v2\/pages\/437","targetHints":{"allow":["GET"]}}],"collection":[{"href":"https:\/\/hotelstil.ro\/fr\/wp-json\/wp\/v2\/pages"}],"about":[{"href":"https:\/\/hotelstil.ro\/fr\/wp-json\/wp\/v2\/types\/page"}],"author":[{"embeddable":true,"href":"https:\/\/hotelstil.ro\/fr\/wp-json\/wp\/v2\/users\/1"}],"replies":[{"embeddable":true,"href":"https:\/\/hotelstil.ro\/fr\/wp-json\/wp\/v2\/comments?post=437"}],"version-history":[{"count":4,"href":"https:\/\/hotelstil.ro\/fr\/wp-json\/wp\/v2\/pages\/437\/revisions"}],"predecessor-version":[{"id":441,"href":"https:\/\/hotelstil.ro\/fr\/wp-json\/wp\/v2\/pages\/437\/revisions\/441"}],"wp:attachment":[{"href":"https:\/\/hotelstil.ro\/fr\/wp-json\/wp\/v2\/media?parent=437"}],"curies":[{"name":"wp","href":"https:\/\/api.w.org\/{rel}","templated":true}]}}