{"id":437,"date":"2025-01-24T12:09:28","date_gmt":"2025-01-24T12:09:28","guid":{"rendered":"https:\/\/hotelstil.ro\/?page_id=437"},"modified":"2025-01-24T12:12:22","modified_gmt":"2025-01-24T12:12:22","slug":"termeni-si-conditii","status":"publish","type":"page","link":"https:\/\/hotelstil.ro\/es\/termeni-si-conditii\/","title":{"rendered":"Condiciones generales"},"content":{"rendered":"<div data-elementor-type=\"wp-page\" data-elementor-id=\"437\" class=\"elementor elementor-437\" data-elementor-post-type=\"page\">\n\t\t\t\t<div class=\"elementor-element elementor-element-5abc720 e-flex e-con-boxed e-con e-parent\" data-id=\"5abc720\" data-element_type=\"container\" data-e-type=\"container\" data-settings=\"{&quot;background_background&quot;:&quot;classic&quot;}\">\n\t\t\t\t\t<div class=\"e-con-inner\">\n\t\t\t\t\t<\/div>\n\t\t\t\t<\/div>\n\t\t<div class=\"elementor-element elementor-element-3a0bdc2 e-flex e-con-boxed e-con e-parent\" data-id=\"3a0bdc2\" data-element_type=\"container\" data-e-type=\"container\">\n\t\t\t\t\t<div class=\"e-con-inner\">\n\t\t\t\t<div class=\"elementor-element elementor-element-a95f416 elementor-widget elementor-widget-text-editor\" data-id=\"a95f416\" data-element_type=\"widget\" data-e-type=\"widget\" data-widget_type=\"text-editor.default\">\n\t\t\t\t<div class=\"elementor-widget-container\">\n\t\t\t\t\t\t\t\t\t<ol><li><strong>VISI\u00d3N GENERAL Y DEFINICIONES<\/strong><\/li><\/ol><p><strong>\u00a0<\/strong><\/p><p>P\u00e1gina web<strong>\u00a0WWW.HOTELSTIL.RO\u00a0<\/strong>es propiedad y est\u00e1 operado por M&amp;T MARKET TRADE PROFESSIONALS SRL, con domicilio social en BUCHURESTI, Sector 1, Strada NICOLAE CARAMFIL, Nr. 63, C\u00f3digo Postal: 014146, Nr. Inreg. ORC: J40\/10575\/1999, CUI: RO12476033, en lo sucesivo denominado propietario del sitio.<\/p><p>P\u00e1gina web\u00a0<strong>WWW.HOTELSTIL.RO\u00a0<\/strong>presenta los servicios ofrecidos y la actividad desarrollada por el titular. Al mismo tiempo, el sitio web ofrece la posibilidad de suscribirse para recibir informaci\u00f3n peri\u00f3dica (bolet\u00edn de noticias), as\u00ed como el acceso a los servicios prestados por el propietario (contenido en el sitio web), servicios sujetos a estos t\u00e9rminos, a menos que se estipulen condiciones especiales para cada caso.<\/p><p>Informaci\u00f3n presente en\u00a0<strong>WWW.HOTELSTIL.RO\u00a0<\/strong>se ponen a disposici\u00f3n de los usuarios de forma gratuita, salvo los productos o servicios para los que se especifican precios.<\/p><p>Los siguientes t\u00e9rminos se definir\u00e1n del siguiente modo:<\/p><ul><li><strong><em>Usuario<\/em><\/strong>\u00a0- toda persona que acceda al sitio, interes\u00e1ndose por los servicios del titular del sitio, se suscriba para recibir informaci\u00f3n peri\u00f3dica (newsletter) y que se comprometa impl\u00edcitamente a cumplir el presente conjunto de normas, siendo responsable de sus acciones en el sitio;<\/li><li><strong><em>servicio<\/em><\/strong>\u00a0- facilitar al Usuario el acceso a la plataforma a trav\u00e9s de la cual puede suscribirse para recibir informaci\u00f3n peri\u00f3dica (newsletter); facilitar al Usuario el acceso al contenido del Sitio y a los productos comercializados a trav\u00e9s del Sitio seg\u00fan las opciones del Usuario.<\/li><\/ul><p><strong>\u00a0<\/strong><\/p><ol start=\"2\"><li><strong>REGISTRO DE USUARIOS<\/strong><\/li><\/ol><p><strong>\u00a0<\/strong><\/p><p>No es necesario registrarse para acceder al sitio web y a las secciones de presentaci\u00f3n.<\/p><p>El registro del usuario s\u00f3lo es obligatorio si el usuario se suscribe para recibir un bolet\u00edn peri\u00f3dico, en cuyo caso se registrar\u00e1 con una direcci\u00f3n de correo electr\u00f3nico para identificarse y autenticarse en el sitio\/para el bolet\u00edn semanal.<\/p><p>El propietario del sitio web se reserva el derecho (pero no la obligaci\u00f3n) de verificar la exactitud de los datos de registro del usuario. Si se comprueba que los datos facilitados por el usuario son inexactos, el titular del sitio web se reserva el derecho a denegar al usuario el acceso a los servicios ofrecidos en el sitio web.<\/p><p>Al acceder al Sitio y a los Servicios puestos a su disposici\u00f3n, el Usuario garantiza que facilita al titular del Sitio datos veraces y es el \u00fanico responsable de la informaci\u00f3n facilitada.<\/p><p><strong>\u00a0<\/strong><\/p><ol start=\"3\"><li><strong>OBLIGACIONES DEL USUARIO. PROPIEDAD INTELECTUAL<\/strong><\/li><\/ol><p><strong>\u00a0<\/strong><\/p><p>El uso del sitio est\u00e1 permitido de buena fe, para informaci\u00f3n y para el uso de los servicios proporcionados en el sitio.<\/p><p>Las representaciones estilizadas, creaci\u00f3n gr\u00e1fica, logotipos y s\u00edmbolos asociados y sus combinaciones con cualquier palabra o s\u00edmbolo gr\u00e1fico, fotograf\u00edas, materiales de audio - v\u00eddeo, contenidos utilizados en este sitio, son propiedad exclusiva del propietario del sitio o ha adquirido el derecho a utilizarlos, excepto los que pertenecen a otras entidades.<\/p><p>Los usuarios no pueden apropiarse del contenido del sitio web, ni intervenir, modificar o suprimir su contenido (texto, im\u00e1genes, logotipos, etc.). El incumplimiento de esta norma constituye una infracci\u00f3n de los derechos de autor, de marca o de cualquier otro derecho de propiedad intelectual.<\/p><p>Queda prohibido copiar, multiplicar, distribuir, distribuir, archivar o almacenar, por cualquier medio, con fines comerciales, cualquier material del sitio.<\/p><p>En caso de que existan secciones dentro del sitio en las que los usuarios puedan insertar comentarios y expresar opiniones personales, im\u00e1genes u otros elementos que puedan estar protegidos por derechos de propiedad intelectual, la responsabilidad de su contenido recaer\u00e1 exclusivamente en los usuarios afectados.<\/p><ol start=\"4\"><li><strong>CAMBIOS EN EL EMPLAZAMIENTO<\/strong><\/li><\/ol><p>\u00a0\u00a0\u00a0\u00a0\u00a0\u00a0\u00a0\u00a0\u00a0\u00a0\u00a0 El propietario de este sitio se reserva el derecho de modificar o interrumpir, temporal o permanentemente, su funcionamiento, total o parcialmente. En este caso, el propietario no ser\u00e1 responsable de ninguna modificaci\u00f3n, suspensi\u00f3n o interrupci\u00f3n del acceso al sitio y a la informaci\u00f3n disponible en un momento dado a trav\u00e9s del sitio.<\/p><ol start=\"5\"><li><strong>RESPUESTA<\/strong><\/li><\/ol><p><strong>\u00a0<\/strong><\/p><p>\u00a0\u00a0\u00a0\u00a0\u00a0\u00a0\u00a0\u00a0\u00a0\u00a0\u00a0 El usuario declara expresamente que acepta las siguientes condiciones:<\/p><ol><li>El uso de los servicios disponibles en el sitio web se realiza por cuenta y riesgo del usuario.<\/li><li>El propietario del sitio no garantiza que:<\/li><\/ol><ul><li>servicios cumplan todos los requisitos de los usuarios;<\/li><li>los servicios ser\u00e1n ininterrumpidos, puntuales, seguros o estar\u00e1n exentos de errores;<\/li><li>se corregir\u00e1n los errores del programa.<\/li><\/ul><ol start=\"6\"><li><strong>L\u00cdMITES DE RESPONSABILIDAD<\/strong><\/li><\/ol><p><strong>\u00a0<\/strong><\/p><p>\u00a0\u00a0\u00a0\u00a0\u00a0\u00a0\u00a0\u00a0\u00a0\u00a0\u00a0 Utilizatorul accept\u0103 \u00een mod expres c\u0103 de\u021bin\u0103torul site-ului nu este r\u0103spunz\u0103tor pentru daune sau prejudicii directe, indirecte, accidentale, speciale, inclusiv, dar nu limitat la prejudicii prin pierdere de profit, posibilitatea de folosire, date sau alte pierderi intangibile sau incomensurabile, rezult\u00e2nd din:<\/p><p>- uso o imposibilidad de uso de los servicios\u00a0<strong>WWW.HOTELSTIL.RO<\/strong>;<\/p><p>- el acceso no autorizado a las transmisiones o datos del Usuario o el da\u00f1o de los mismos;<\/p><p>- declaraciones o acciones de terceros en el sitio web;<\/p><p>- cualquier otro problema relacionado con los servicios del sitio web.<\/p><p><strong>\u00a0<\/strong><\/p><ol start=\"7\"><li><strong>ENLACES A OTROS SITIOS<\/strong><\/li><\/ol><p>Este sitio web puede contener enlaces o referencias a otros sitios web que el propietario del sitio web considere \u00fatiles en relaci\u00f3n con el contenido del sitio web y que no est\u00e9n bajo su control o direcci\u00f3n. El uso de tales enlaces o referencias estar\u00e1 sujeto a los t\u00e9rminos y condiciones de uso aplicables a dichos sitios.<\/p><p>El Propietario del Sitio no puede garantizar\/controlar la puntualidad\/exactitud de la informaci\u00f3n presente en sitios web de terceros enlazados desde su sitio web.<\/p><p><strong>\u00a0<\/strong><\/p><ol start=\"8\"><li><strong>NOTIFICACIONES Y COMUNICACIONES<\/strong><\/li><\/ol><p>El Propietario del Sitio puede proporcionar avisos\/informaci\u00f3n sobre cambios en las Condiciones de Uso u otros asuntos mediante la publicaci\u00f3n de avisos a los usuarios en general en el Sitio.<\/p><ol start=\"9\"><li><strong>FUERZA MAYOR<\/strong><\/li><\/ol><p><strong>\u00a0<\/strong><\/p><p>\u00a0\u00a0\u00a0\u00a0\u00a0\u00a0\u00a0\u00a0\u00a0\u00a0\u00a0 Propietario\u00a0<strong>WWW.HOTELSTIL.RO\u00a0<\/strong>no est\u00e9 obligado a cumplir con las obligaciones establecidas en las Condiciones de Uso como resultado de una causa fuera de su control, incluyendo pero no limitado a eventos fortuitos, condiciones clim\u00e1ticas desfavorables, otras acciones o inacciones de las cuales los administradores del sitio no son responsables.<\/p><ol start=\"10\"><li><strong>LEGISLACI\u00d3N APLICABLE<\/strong><\/li><\/ol><p>\u00a0\u00a0\u00a0\u00a0\u00a0\u00a0\u00a0\u00a0\u00a0\u00a0\u00a0 Al acceder a este sitio web, el Usuario acepta que el presente contrato y cualquier litigio relacionado con el mismo se regir\u00e1n e interpretar\u00e1n de conformidad con la legislaci\u00f3n rumana, y el Usuario acepta someterse a la jurisdicci\u00f3n exclusiva de los tribunales rumanos competentes.<\/p><p>\u00a0\u00a0\u00a0\u00a0\u00a0\u00a0\u00a0\u00a0\u00a0\u00a0\u00a0 Propietario\u00a0<strong>WWW.HOTELSTIL.RO\u00a0<\/strong>no garantiza que el contenido de este sitio est\u00e9 sujeto a las leyes (incluidas las leyes de propiedad intelectual) de pa\u00edses fuera de Ruman\u00eda. Si el Usuario accede a este sitio desde fuera de Ruman\u00eda, lo hace por su cuenta y riesgo y es el \u00fanico responsable del cumplimiento de las leyes del pa\u00eds en el que se encuentre.<\/p><p>Si un usuario infringe las disposiciones legales vigentes o la normativa aplicable a las relaciones jur\u00eddicas derivadas del acceso a los servicios o instalaciones del sitio web, puede incurrir en responsabilidad con arreglo a la ley.<\/p><p>Al mismo tiempo, si un usuario infringe lo dispuesto en las presentes Condiciones Generales, el titular del sitio podr\u00e1 retirarle el derecho a utilizar las instalaciones y servicios puestos a su disposici\u00f3n en el sitio. En este sentido, el titular del sitio web informar\u00e1 al usuario por correo electr\u00f3nico de la medida adoptada.<\/p><ol start=\"11\"><li><strong>CL\u00c1USULA FINAL<\/strong><\/li><\/ol><p>\u00a0\u00a0\u00a0\u00a0\u00a0\u00a0\u00a0\u00a0\u00a0\u00a0\u00a0 Las presentes Condiciones regulan el acceso de los usuarios y el acceso a los productos y servicios ofrecidos en el sitio web\u00a0<strong>WWW.HOTELSTIL.RO<\/strong>. Si, con posterioridad al lanzamiento del sitio web y a la publicaci\u00f3n de las presentes condiciones, se implementan funciones o servicios adicionales disponibles en el sitio web, estar\u00e1n sujetos a las mismas normas y condiciones contenidas en las presentes condiciones, a menos que se beneficien de condiciones distintas de las presentes condiciones.<\/p><p><strong>\u00a0<\/strong><\/p><p><strong>Al acceder a este sitio usted acepta las condiciones anteriores y conviene en que tiene el valor de un contrato, t\u00e1citamente aceptado, entre el usuario y los administradores del sitio. Si no desea atenerse a las normas descritas, le rogamos que no utilice la informaci\u00f3n ni los servicios puestos a su disposici\u00f3n en este sitio.<\/strong><\/p>\t\t\t\t\t\t\t\t<\/div>\n\t\t\t\t<\/div>\n\t\t\t\t\t<\/div>\n\t\t\t\t<\/div>\n\t\t\t\t<\/div>","protected":false},"excerpt":{"rendered":"<p>PREZENTARE \u0218I DEFINI\u0162II \u00a0 Site-ul\u00a0WWW.HOTELSTIL.RO\u00a0este de\u021binut \u0219i operat de c\u0103tre M&amp;T MARKET TRADE PROFESSIONALS SRL, Cu sediul \u00een BUCURESTI, Sector 1, Strada NICOLAE CARAMFIL, Nr. 63, Cod Postal: 014146, Nr. Inreg. ORC: J40\/10575\/1999, CUI: RO12476033, denumit \u00een cele ce urmeaz\u0103 de\u021bin\u0103torul site-ului. Site-ul\u00a0WWW.HOTELSTIL.RO\u00a0prezint\u0103 serviciile oferite \u0219i activitatea derulat\u0103 de c\u0103tre de\u021bin\u0103tor. Totodat\u0103, prin intermediul site-ului [&hellip;]<\/p>\n","protected":false},"author":1,"featured_media":0,"parent":0,"menu_order":0,"comment_status":"closed","ping_status":"closed","template":"elementor_header_footer","meta":{"_acf_changed":false,"footnotes":""},"class_list":["post-437","page","type-page","status-publish","hentry"],"acf":[],"yoast_head":"<!-- This site is optimized with the Yoast SEO plugin v27.4 - https:\/\/yoast.com\/product\/yoast-seo-wordpress\/ -->\n<title>Termeni si Conditii - Hotel Stil Bucharest<\/title>\n<meta name=\"robots\" content=\"index, follow, max-snippet:-1, max-image-preview:large, max-video-preview:-1\" \/>\n<link rel=\"canonical\" href=\"https:\/\/hotelstil.ro\/es\/termeni-si-conditii\/\" \/>\n<meta property=\"og:locale\" content=\"es_ES\" \/>\n<meta property=\"og:type\" content=\"article\" \/>\n<meta property=\"og:title\" content=\"Termeni si Conditii - Hotel Stil Bucharest\" \/>\n<meta property=\"og:description\" content=\"PREZENTARE \u0218I DEFINI\u0162II \u00a0 Site-ul\u00a0WWW.HOTELSTIL.RO\u00a0este de\u021binut \u0219i operat de c\u0103tre M&amp;T MARKET TRADE PROFESSIONALS SRL, Cu sediul \u00een BUCURESTI, Sector 1, Strada NICOLAE CARAMFIL, Nr. 63, Cod Postal: 014146, Nr. Inreg. ORC: J40\/10575\/1999, CUI: RO12476033, denumit \u00een cele ce urmeaz\u0103 de\u021bin\u0103torul site-ului. Site-ul\u00a0WWW.HOTELSTIL.RO\u00a0prezint\u0103 serviciile oferite \u0219i activitatea derulat\u0103 de c\u0103tre de\u021bin\u0103tor. Totodat\u0103, prin intermediul site-ului [&hellip;]\" \/>\n<meta property=\"og:url\" content=\"https:\/\/hotelstil.ro\/es\/termeni-si-conditii\/\" \/>\n<meta property=\"og:site_name\" content=\"Hotel Stil Bucharest\" \/>\n<meta property=\"article:modified_time\" content=\"2025-01-24T12:12:22+00:00\" \/>\n<meta name=\"twitter:card\" content=\"summary_large_image\" \/>\n<meta name=\"twitter:label1\" content=\"Tiempo de lectura\" \/>\n\t<meta name=\"twitter:data1\" content=\"5 minutos\" \/>\n<script type=\"application\/ld+json\" class=\"yoast-schema-graph\">{\"@context\":\"https:\\\/\\\/schema.org\",\"@graph\":[{\"@type\":\"WebPage\",\"@id\":\"https:\\\/\\\/hotelstil.ro\\\/termeni-si-conditii\\\/\",\"url\":\"https:\\\/\\\/hotelstil.ro\\\/termeni-si-conditii\\\/\",\"name\":\"Termeni si Conditii - Hotel Stil Bucharest\",\"isPartOf\":{\"@id\":\"https:\\\/\\\/hotelstil.ro\\\/#website\"},\"datePublished\":\"2025-01-24T12:09:28+00:00\",\"dateModified\":\"2025-01-24T12:12:22+00:00\",\"breadcrumb\":{\"@id\":\"https:\\\/\\\/hotelstil.ro\\\/termeni-si-conditii\\\/#breadcrumb\"},\"inLanguage\":\"es\",\"potentialAction\":[{\"@type\":\"ReadAction\",\"target\":[\"https:\\\/\\\/hotelstil.ro\\\/termeni-si-conditii\\\/\"]}]},{\"@type\":\"BreadcrumbList\",\"@id\":\"https:\\\/\\\/hotelstil.ro\\\/termeni-si-conditii\\\/#breadcrumb\",\"itemListElement\":[{\"@type\":\"ListItem\",\"position\":1,\"name\":\"Home\",\"item\":\"https:\\\/\\\/hotelstil.ro\\\/\"},{\"@type\":\"ListItem\",\"position\":2,\"name\":\"Termeni si Conditii\"}]},{\"@type\":\"WebSite\",\"@id\":\"https:\\\/\\\/hotelstil.ro\\\/#website\",\"url\":\"https:\\\/\\\/hotelstil.ro\\\/\",\"name\":\"Hotel Stil Bucharest\",\"description\":\"Hotel Stil Bucharest\",\"publisher\":{\"@id\":\"https:\\\/\\\/hotelstil.ro\\\/#organization\"},\"potentialAction\":[{\"@type\":\"SearchAction\",\"target\":{\"@type\":\"EntryPoint\",\"urlTemplate\":\"https:\\\/\\\/hotelstil.ro\\\/?s={search_term_string}\"},\"query-input\":{\"@type\":\"PropertyValueSpecification\",\"valueRequired\":true,\"valueName\":\"search_term_string\"}}],\"inLanguage\":\"es\"},{\"@type\":\"Organization\",\"@id\":\"https:\\\/\\\/hotelstil.ro\\\/#organization\",\"name\":\"Hotel Stil Bucharest\",\"url\":\"https:\\\/\\\/hotelstil.ro\\\/\",\"logo\":{\"@type\":\"ImageObject\",\"inLanguage\":\"es\",\"@id\":\"https:\\\/\\\/hotelstil.ro\\\/#\\\/schema\\\/logo\\\/image\\\/\",\"url\":\"https:\\\/\\\/hotelstil.ro\\\/wp-content\\\/uploads\\\/2025\\\/01\\\/1-1.png\",\"contentUrl\":\"https:\\\/\\\/hotelstil.ro\\\/wp-content\\\/uploads\\\/2025\\\/01\\\/1-1.png\",\"width\":500,\"height\":500,\"caption\":\"Hotel Stil Bucharest\"},\"image\":{\"@id\":\"https:\\\/\\\/hotelstil.ro\\\/#\\\/schema\\\/logo\\\/image\\\/\"}}]}<\/script>\n<!-- \/ Yoast SEO plugin. -->","yoast_head_json":{"title":"T\u00e9rminos y condiciones - Hotel Stil Bucharest","robots":{"index":"index","follow":"follow","max-snippet":"max-snippet:-1","max-image-preview":"max-image-preview:large","max-video-preview":"max-video-preview:-1"},"canonical":"https:\/\/hotelstil.ro\/es\/termeni-si-conditii\/","og_locale":"es_ES","og_type":"article","og_title":"Termeni si Conditii - Hotel Stil Bucharest","og_description":"PREZENTARE \u0218I DEFINI\u0162II \u00a0 Site-ul\u00a0WWW.HOTELSTIL.RO\u00a0este de\u021binut \u0219i operat de c\u0103tre M&amp;T MARKET TRADE PROFESSIONALS SRL, Cu sediul \u00een BUCURESTI, Sector 1, Strada NICOLAE CARAMFIL, Nr. 63, Cod Postal: 014146, Nr. Inreg. ORC: J40\/10575\/1999, CUI: RO12476033, denumit \u00een cele ce urmeaz\u0103 de\u021bin\u0103torul site-ului. Site-ul\u00a0WWW.HOTELSTIL.RO\u00a0prezint\u0103 serviciile oferite \u0219i activitatea derulat\u0103 de c\u0103tre de\u021bin\u0103tor. Totodat\u0103, prin intermediul site-ului [&hellip;]","og_url":"https:\/\/hotelstil.ro\/es\/termeni-si-conditii\/","og_site_name":"Hotel Stil Bucharest","article_modified_time":"2025-01-24T12:12:22+00:00","twitter_card":"summary_large_image","twitter_misc":{"Tiempo de lectura":"5 minutos"},"schema":{"@context":"https:\/\/schema.org","@graph":[{"@type":"WebPage","@id":"https:\/\/hotelstil.ro\/termeni-si-conditii\/","url":"https:\/\/hotelstil.ro\/termeni-si-conditii\/","name":"T\u00e9rminos y condiciones - Hotel Stil Bucharest","isPartOf":{"@id":"https:\/\/hotelstil.ro\/#website"},"datePublished":"2025-01-24T12:09:28+00:00","dateModified":"2025-01-24T12:12:22+00:00","breadcrumb":{"@id":"https:\/\/hotelstil.ro\/termeni-si-conditii\/#breadcrumb"},"inLanguage":"es","potentialAction":[{"@type":"ReadAction","target":["https:\/\/hotelstil.ro\/termeni-si-conditii\/"]}]},{"@type":"BreadcrumbList","@id":"https:\/\/hotelstil.ro\/termeni-si-conditii\/#breadcrumb","itemListElement":[{"@type":"ListItem","position":1,"name":"Home","item":"https:\/\/hotelstil.ro\/"},{"@type":"ListItem","position":2,"name":"Termeni si Conditii"}]},{"@type":"WebSite","@id":"https:\/\/hotelstil.ro\/#website","url":"https:\/\/hotelstil.ro\/","name":"Hotel Stil Bucarest","description":"Hotel Stil Bucarest","publisher":{"@id":"https:\/\/hotelstil.ro\/#organization"},"potentialAction":[{"@type":"SearchAction","target":{"@type":"EntryPoint","urlTemplate":"https:\/\/hotelstil.ro\/?s={search_term_string}"},"query-input":{"@type":"PropertyValueSpecification","valueRequired":true,"valueName":"search_term_string"}}],"inLanguage":"es"},{"@type":"Organization","@id":"https:\/\/hotelstil.ro\/#organization","name":"Hotel Stil Bucarest","url":"https:\/\/hotelstil.ro\/","logo":{"@type":"ImageObject","inLanguage":"es","@id":"https:\/\/hotelstil.ro\/#\/schema\/logo\/image\/","url":"https:\/\/hotelstil.ro\/wp-content\/uploads\/2025\/01\/1-1.png","contentUrl":"https:\/\/hotelstil.ro\/wp-content\/uploads\/2025\/01\/1-1.png","width":500,"height":500,"caption":"Hotel Stil Bucharest"},"image":{"@id":"https:\/\/hotelstil.ro\/#\/schema\/logo\/image\/"}}]}},"_links":{"self":[{"href":"https:\/\/hotelstil.ro\/es\/wp-json\/wp\/v2\/pages\/437","targetHints":{"allow":["GET"]}}],"collection":[{"href":"https:\/\/hotelstil.ro\/es\/wp-json\/wp\/v2\/pages"}],"about":[{"href":"https:\/\/hotelstil.ro\/es\/wp-json\/wp\/v2\/types\/page"}],"author":[{"embeddable":true,"href":"https:\/\/hotelstil.ro\/es\/wp-json\/wp\/v2\/users\/1"}],"replies":[{"embeddable":true,"href":"https:\/\/hotelstil.ro\/es\/wp-json\/wp\/v2\/comments?post=437"}],"version-history":[{"count":4,"href":"https:\/\/hotelstil.ro\/es\/wp-json\/wp\/v2\/pages\/437\/revisions"}],"predecessor-version":[{"id":441,"href":"https:\/\/hotelstil.ro\/es\/wp-json\/wp\/v2\/pages\/437\/revisions\/441"}],"wp:attachment":[{"href":"https:\/\/hotelstil.ro\/es\/wp-json\/wp\/v2\/media?parent=437"}],"curies":[{"name":"wp","href":"https:\/\/api.w.org\/{rel}","templated":true}]}}