{"id":437,"date":"2025-01-24T12:09:28","date_gmt":"2025-01-24T12:09:28","guid":{"rendered":"https:\/\/hotelstil.ro\/?page_id=437"},"modified":"2025-01-24T12:12:22","modified_gmt":"2025-01-24T12:12:22","slug":"termeni-si-conditii","status":"publish","type":"page","link":"https:\/\/hotelstil.ro\/en\/termeni-si-conditii\/","title":{"rendered":"Terms and Conditions"},"content":{"rendered":"<div data-elementor-type=\"wp-page\" data-elementor-id=\"437\" class=\"elementor elementor-437\" data-elementor-post-type=\"page\">\n\t\t\t\t<div class=\"elementor-element elementor-element-5abc720 e-flex e-con-boxed e-con e-parent\" data-id=\"5abc720\" data-element_type=\"container\" data-e-type=\"container\" data-settings=\"{&quot;background_background&quot;:&quot;classic&quot;}\">\n\t\t\t\t\t<div class=\"e-con-inner\">\n\t\t\t\t\t<\/div>\n\t\t\t\t<\/div>\n\t\t<div class=\"elementor-element elementor-element-3a0bdc2 e-flex e-con-boxed e-con e-parent\" data-id=\"3a0bdc2\" data-element_type=\"container\" data-e-type=\"container\">\n\t\t\t\t\t<div class=\"e-con-inner\">\n\t\t\t\t<div class=\"elementor-element elementor-element-a95f416 elementor-widget elementor-widget-text-editor\" data-id=\"a95f416\" data-element_type=\"widget\" data-e-type=\"widget\" data-widget_type=\"text-editor.default\">\n\t\t\t\t<div class=\"elementor-widget-container\">\n\t\t\t\t\t\t\t\t\t<ol><li><strong>OVERVIEW AND DEFINITIONS<\/strong><\/li><\/ol><p><strong>\u00a0<\/strong><\/p><p>Website<strong>\u00a0WWW.HOTELSTIL.RO\u00a0<\/strong>is owned and operated by M&amp;T MARKET MARKET TRADE PROFESSIONALS SRL, with registered office in BUCHURESTI, Sector 1, Strada NICOLAE CARAMFIL, Nr. 63, Postal Code: 014146, Nr. Inreg. ORC: J40\/10575\/1999, CUI: RO12476033, hereinafter referred to as the owner of the site.<\/p><p>Website\u00a0<strong>WWW.HOTELSTIL.RO\u00a0<\/strong>presents the services offered and the activity carried out by the owner. At the same time, the website provides the possibility of subscribing to receive periodical information (news-letter), as well as access to the services provided by the owner (content on the website), services subject to these terms, unless special conditions are stipulated for each case.<\/p><p>Information present on\u00a0<strong>WWW.HOTELSTIL.RO\u00a0<\/strong>are made available to users free of charge, except for products or services for which prices are specified.<\/p><p>The following terms will be defined as follows:<\/p><ul><li><strong><em>User<\/em><\/strong>\u00a0- any person who accesses the site, being interested in the services of the owner of the site, subscribes to receive periodic information (newsletter) and who implicitly undertakes to comply with this set of rules, being responsible for his actions on the site;<\/li><li><strong><em>service<\/em><\/strong>\u00a0- providing the User with access to the platform through which he\/she can subscribe to receive periodic information (newsletter); providing the User with access to the content of the Site and the products marketed through the Site according to the User's options.<\/li><\/ul><p><strong>\u00a0<\/strong><\/p><ol start=\"2\"><li><strong>USER REGISTRATION<\/strong><\/li><\/ol><p><strong>\u00a0<\/strong><\/p><p>No user registration is required to access the site and the presentation sections.<\/p><p>User registration is mandatory only if the user signs up to receive a newsletter periodically, in which case he\/she will sign up with an email address for identification and authentication to the site\/for the weekly newsletter.<\/p><p>The owner of the website reserves the right (not the obligation) to verify the correctness of the user's registration data. If the information provided by the user is found to be inaccurate, the owner of the website reserves the right to refuse the user access to the services offered on the website.<\/p><p>By accessing the Site and the Services made available, the User guarantees that he\/she provides the owner of the Site with accurate data and is solely responsible for the information provided.<\/p><p><strong>\u00a0<\/strong><\/p><ol start=\"3\"><li><strong>USER OBLIGATIONS. INTELLECTUAL PROPERTY<\/strong><\/li><\/ol><p><strong>\u00a0<\/strong><\/p><p>Use of the site is permitted in good faith, for information and for the use of the services provided on the site.<\/p><p>The stylized representations, graphic creation, logos and associated symbols and combinations thereof with any word or graphic symbol, photographs, audio - video materials, content used on this site, are the exclusive property of the owner of the site or it has acquired the right to use them, except those belonging to other entities.<\/p><p>Users may not take over the content of the website, nor may they intervene, modify or delete its content (text, images, logos, etc.). Any violation of this rule constitutes an infringement of copyright, trademark or any other intellectual property right.<\/p><p>You may not copy, multiply, distribute, distribute, archive or store, by any means, for commercial purposes, any material on the site.<\/p><p>If there are sections within the site where users can insert comments and express personal opinions, images or other elements that may be protected by intellectual property rights, the responsibility for their content lies exclusively with the users concerned.<\/p><ol start=\"4\"><li><strong>SITE CHANGES<\/strong><\/li><\/ol><p>\u00a0\u00a0\u00a0\u00a0\u00a0\u00a0\u00a0\u00a0\u00a0\u00a0\u00a0 The owner of this website reserves the right to modify or interrupt, temporarily or permanently, its operation, in whole or in part. In this case, the owner shall not be liable for any modification, suspension or interruption of access to the site and to the information available at any given time via the site.<\/p><ol start=\"5\"><li><strong>ANSWER<\/strong><\/li><\/ol><p><strong>\u00a0<\/strong><\/p><p>\u00a0\u00a0\u00a0\u00a0\u00a0\u00a0\u00a0\u00a0\u00a0\u00a0\u00a0 The user expressly declares that he accepts the following conditions:<\/p><ol><li>Use of the services made available on the website is at your own risk.<\/li><li>The site owner makes no warranty that:<\/li><\/ol><ul><li>services meet all user requirements;<\/li><li>services will be uninterrupted, on time, secure or error-free;<\/li><li>program errors will be corrected.<\/li><\/ul><ol start=\"6\"><li><strong>LIMITS OF LIABILITY<\/strong><\/li><\/ol><p><strong>\u00a0<\/strong><\/p><p>\u00a0\u00a0\u00a0\u00a0\u00a0\u00a0\u00a0\u00a0\u00a0\u00a0\u00a0 Utilizatorul accept\u0103 \u00een mod expres c\u0103 de\u021bin\u0103torul site-ului nu este r\u0103spunz\u0103tor pentru daune sau prejudicii directe, indirecte, accidentale, speciale, inclusiv, dar nu limitat la prejudicii prin pierdere de profit, posibilitatea de folosire, date sau alte pierderi intangibile sau incomensurabile, rezult\u00e2nd din:<\/p><p>- use or inability to use the services\u00a0<strong>WWW.HOTELSTIL.RO<\/strong>;<\/p><p>- unauthorized access to or damage to User transmissions or data;<\/p><p>- third party statements or actions on the website;<\/p><p>- any other problem related to the website services.<\/p><p><strong>\u00a0<\/strong><\/p><ol start=\"7\"><li><strong>LINK TO OTHER SITES<\/strong><\/li><\/ol><p>This website may contain links or references to other websites considered by the owner of the website to be useful in relation to the content of the website and which are not under its control or direction. In the event of the use of such links or references, the general terms and conditions of use corresponding to those sites shall apply.<\/p><p>The Site Owner cannot guarantee\/control the timeliness\/accuracy of the information present on third party websites linked from its website.<\/p><p><strong>\u00a0<\/strong><\/p><ol start=\"8\"><li><strong>NOTIFICATIONS AND COMMUNICATIONS<\/strong><\/li><\/ol><p>The Site Owner may provide notices\/information regarding changes to the Terms of Use or other matters by posting notices to users generally on the Site.<\/p><ol start=\"9\"><li><strong>MAJOR FORCE<\/strong><\/li><\/ol><p><strong>\u00a0<\/strong><\/p><p>\u00a0\u00a0\u00a0\u00a0\u00a0\u00a0\u00a0\u00a0\u00a0\u00a0\u00a0 Site owner\u00a0<strong>WWW.HOTELSTIL.RO\u00a0<\/strong>is not obligated to comply with the obligations set forth in the Terms of Use, due to a cause beyond its control, including but not limited to fortuitous events, adverse weather conditions, other actions or inactions for which the site administrators are not responsible.<\/p><ol start=\"10\"><li><strong>APPLICABLE LAW<\/strong><\/li><\/ol><p>\u00a0\u00a0\u00a0\u00a0\u00a0\u00a0\u00a0\u00a0\u00a0\u00a0\u00a0 By accessing this website, the User agrees that this contract and any dispute related to it shall be governed by and construed in accordance with the Romanian laws, and the User agrees to submit to the exclusive jurisdiction of the competent Romanian courts.<\/p><p>\u00a0\u00a0\u00a0\u00a0\u00a0\u00a0\u00a0\u00a0\u00a0\u00a0\u00a0 Site owner\u00a0<strong>WWW.HOTELSTIL.RO\u00a0<\/strong>does not warrant that the content of this site is subject to the laws (including intellectual property laws) of any country outside Romania. If the User accesses this site from outside Romania, he does so at his own risk and is solely responsible for compliance with the laws of the country in which he is located.<\/p><p>In case a user violates the legal provisions in force or the regulations applicable to the legal relationships created by accessing the services or facilities of the website, he\/she may be liable according to the law.<\/p><p>At the same time, if a user violates the provisions of these clauses of the Terms and Conditions of the website, the owner of the website may withdraw the right to use the facilities and services made available on the website. In this regard, the owner of the website will inform the user by email of the measure taken.<\/p><ol start=\"11\"><li><strong>FINAL CLAUSE<\/strong><\/li><\/ol><p>\u00a0\u00a0\u00a0\u00a0\u00a0\u00a0\u00a0\u00a0\u00a0\u00a0\u00a0 These Terms govern user access and access to the products and services provided on the website\u00a0<strong>WWW.HOTELSTIL.RO<\/strong>. If, subsequent to the launch of the website and the publication of these terms, additional features or services made available on the website will be implemented, they will be subject to the same rules and conditions contained in these terms, unless they will benefit from conditions distinct from these terms.<\/p><p><strong>\u00a0<\/strong><\/p><p><strong>By accessing this site you accept the above conditions and you agree that it has the value of a contract, tacitly accepted, between the user and the site administrators. If you do not wish to abide by the rules described above, please do not use the information or services made available on this site.<\/strong><\/p>\t\t\t\t\t\t\t\t<\/div>\n\t\t\t\t<\/div>\n\t\t\t\t\t<\/div>\n\t\t\t\t<\/div>\n\t\t\t\t<\/div>","protected":false},"excerpt":{"rendered":"<p>PREZENTARE \u0218I DEFINI\u0162II \u00a0 Site-ul\u00a0WWW.HOTELSTIL.RO\u00a0este de\u021binut \u0219i operat de c\u0103tre M&amp;T MARKET TRADE PROFESSIONALS SRL, Cu sediul \u00een BUCURESTI, Sector 1, Strada NICOLAE CARAMFIL, Nr. 63, Cod Postal: 014146, Nr. Inreg. ORC: J40\/10575\/1999, CUI: RO12476033, denumit \u00een cele ce urmeaz\u0103 de\u021bin\u0103torul site-ului. Site-ul\u00a0WWW.HOTELSTIL.RO\u00a0prezint\u0103 serviciile oferite \u0219i activitatea derulat\u0103 de c\u0103tre de\u021bin\u0103tor. Totodat\u0103, prin intermediul site-ului [&hellip;]<\/p>\n","protected":false},"author":1,"featured_media":0,"parent":0,"menu_order":0,"comment_status":"closed","ping_status":"closed","template":"elementor_header_footer","meta":{"_acf_changed":false,"footnotes":""},"class_list":["post-437","page","type-page","status-publish","hentry"],"acf":[],"yoast_head":"<!-- This site is optimized with the Yoast SEO plugin v27.4 - https:\/\/yoast.com\/product\/yoast-seo-wordpress\/ -->\n<title>Termeni si Conditii - Hotel Stil Bucharest<\/title>\n<meta name=\"robots\" content=\"index, follow, max-snippet:-1, max-image-preview:large, max-video-preview:-1\" \/>\n<link rel=\"canonical\" href=\"https:\/\/hotelstil.ro\/en\/termeni-si-conditii\/\" \/>\n<meta property=\"og:locale\" content=\"en_US\" \/>\n<meta property=\"og:type\" content=\"article\" \/>\n<meta property=\"og:title\" content=\"Termeni si Conditii - Hotel Stil Bucharest\" \/>\n<meta property=\"og:description\" content=\"PREZENTARE \u0218I DEFINI\u0162II \u00a0 Site-ul\u00a0WWW.HOTELSTIL.RO\u00a0este de\u021binut \u0219i operat de c\u0103tre M&amp;T MARKET TRADE PROFESSIONALS SRL, Cu sediul \u00een BUCURESTI, Sector 1, Strada NICOLAE CARAMFIL, Nr. 63, Cod Postal: 014146, Nr. Inreg. ORC: J40\/10575\/1999, CUI: RO12476033, denumit \u00een cele ce urmeaz\u0103 de\u021bin\u0103torul site-ului. Site-ul\u00a0WWW.HOTELSTIL.RO\u00a0prezint\u0103 serviciile oferite \u0219i activitatea derulat\u0103 de c\u0103tre de\u021bin\u0103tor. Totodat\u0103, prin intermediul site-ului [&hellip;]\" \/>\n<meta property=\"og:url\" content=\"https:\/\/hotelstil.ro\/en\/termeni-si-conditii\/\" \/>\n<meta property=\"og:site_name\" content=\"Hotel Stil Bucharest\" \/>\n<meta property=\"article:modified_time\" content=\"2025-01-24T12:12:22+00:00\" \/>\n<meta name=\"twitter:card\" content=\"summary_large_image\" \/>\n<meta name=\"twitter:label1\" content=\"Est. reading time\" \/>\n\t<meta name=\"twitter:data1\" content=\"5 minutes\" \/>\n<script type=\"application\/ld+json\" class=\"yoast-schema-graph\">{\"@context\":\"https:\\\/\\\/schema.org\",\"@graph\":[{\"@type\":\"WebPage\",\"@id\":\"https:\\\/\\\/hotelstil.ro\\\/termeni-si-conditii\\\/\",\"url\":\"https:\\\/\\\/hotelstil.ro\\\/termeni-si-conditii\\\/\",\"name\":\"Termeni si Conditii - Hotel Stil Bucharest\",\"isPartOf\":{\"@id\":\"https:\\\/\\\/hotelstil.ro\\\/#website\"},\"datePublished\":\"2025-01-24T12:09:28+00:00\",\"dateModified\":\"2025-01-24T12:12:22+00:00\",\"breadcrumb\":{\"@id\":\"https:\\\/\\\/hotelstil.ro\\\/termeni-si-conditii\\\/#breadcrumb\"},\"inLanguage\":\"en-US\",\"potentialAction\":[{\"@type\":\"ReadAction\",\"target\":[\"https:\\\/\\\/hotelstil.ro\\\/termeni-si-conditii\\\/\"]}]},{\"@type\":\"BreadcrumbList\",\"@id\":\"https:\\\/\\\/hotelstil.ro\\\/termeni-si-conditii\\\/#breadcrumb\",\"itemListElement\":[{\"@type\":\"ListItem\",\"position\":1,\"name\":\"Home\",\"item\":\"https:\\\/\\\/hotelstil.ro\\\/\"},{\"@type\":\"ListItem\",\"position\":2,\"name\":\"Termeni si Conditii\"}]},{\"@type\":\"WebSite\",\"@id\":\"https:\\\/\\\/hotelstil.ro\\\/#website\",\"url\":\"https:\\\/\\\/hotelstil.ro\\\/\",\"name\":\"Hotel Stil Bucharest\",\"description\":\"Hotel Stil Bucharest\",\"publisher\":{\"@id\":\"https:\\\/\\\/hotelstil.ro\\\/#organization\"},\"potentialAction\":[{\"@type\":\"SearchAction\",\"target\":{\"@type\":\"EntryPoint\",\"urlTemplate\":\"https:\\\/\\\/hotelstil.ro\\\/?s={search_term_string}\"},\"query-input\":{\"@type\":\"PropertyValueSpecification\",\"valueRequired\":true,\"valueName\":\"search_term_string\"}}],\"inLanguage\":\"en-US\"},{\"@type\":\"Organization\",\"@id\":\"https:\\\/\\\/hotelstil.ro\\\/#organization\",\"name\":\"Hotel Stil Bucharest\",\"url\":\"https:\\\/\\\/hotelstil.ro\\\/\",\"logo\":{\"@type\":\"ImageObject\",\"inLanguage\":\"en-US\",\"@id\":\"https:\\\/\\\/hotelstil.ro\\\/#\\\/schema\\\/logo\\\/image\\\/\",\"url\":\"https:\\\/\\\/hotelstil.ro\\\/wp-content\\\/uploads\\\/2025\\\/01\\\/1-1.png\",\"contentUrl\":\"https:\\\/\\\/hotelstil.ro\\\/wp-content\\\/uploads\\\/2025\\\/01\\\/1-1.png\",\"width\":500,\"height\":500,\"caption\":\"Hotel Stil Bucharest\"},\"image\":{\"@id\":\"https:\\\/\\\/hotelstil.ro\\\/#\\\/schema\\\/logo\\\/image\\\/\"}}]}<\/script>\n<!-- \/ Yoast SEO plugin. -->","yoast_head_json":{"title":"Terms and Conditions - Hotel Stil Bucharest","robots":{"index":"index","follow":"follow","max-snippet":"max-snippet:-1","max-image-preview":"max-image-preview:large","max-video-preview":"max-video-preview:-1"},"canonical":"https:\/\/hotelstil.ro\/en\/termeni-si-conditii\/","og_locale":"en_US","og_type":"article","og_title":"Termeni si Conditii - Hotel Stil Bucharest","og_description":"PREZENTARE \u0218I DEFINI\u0162II \u00a0 Site-ul\u00a0WWW.HOTELSTIL.RO\u00a0este de\u021binut \u0219i operat de c\u0103tre M&amp;T MARKET TRADE PROFESSIONALS SRL, Cu sediul \u00een BUCURESTI, Sector 1, Strada NICOLAE CARAMFIL, Nr. 63, Cod Postal: 014146, Nr. Inreg. ORC: J40\/10575\/1999, CUI: RO12476033, denumit \u00een cele ce urmeaz\u0103 de\u021bin\u0103torul site-ului. Site-ul\u00a0WWW.HOTELSTIL.RO\u00a0prezint\u0103 serviciile oferite \u0219i activitatea derulat\u0103 de c\u0103tre de\u021bin\u0103tor. Totodat\u0103, prin intermediul site-ului [&hellip;]","og_url":"https:\/\/hotelstil.ro\/en\/termeni-si-conditii\/","og_site_name":"Hotel Stil Bucharest","article_modified_time":"2025-01-24T12:12:22+00:00","twitter_card":"summary_large_image","twitter_misc":{"Est. reading time":"5 minutes"},"schema":{"@context":"https:\/\/schema.org","@graph":[{"@type":"WebPage","@id":"https:\/\/hotelstil.ro\/termeni-si-conditii\/","url":"https:\/\/hotelstil.ro\/termeni-si-conditii\/","name":"Terms and Conditions - Hotel Stil Bucharest","isPartOf":{"@id":"https:\/\/hotelstil.ro\/#website"},"datePublished":"2025-01-24T12:09:28+00:00","dateModified":"2025-01-24T12:12:22+00:00","breadcrumb":{"@id":"https:\/\/hotelstil.ro\/termeni-si-conditii\/#breadcrumb"},"inLanguage":"en-US","potentialAction":[{"@type":"ReadAction","target":["https:\/\/hotelstil.ro\/termeni-si-conditii\/"]}]},{"@type":"BreadcrumbList","@id":"https:\/\/hotelstil.ro\/termeni-si-conditii\/#breadcrumb","itemListElement":[{"@type":"ListItem","position":1,"name":"Home","item":"https:\/\/hotelstil.ro\/"},{"@type":"ListItem","position":2,"name":"Termeni si Conditii"}]},{"@type":"WebSite","@id":"https:\/\/hotelstil.ro\/#website","url":"https:\/\/hotelstil.ro\/","name":"Hotel Stil Bucharest","description":"Hotel Stil Bucharest","publisher":{"@id":"https:\/\/hotelstil.ro\/#organization"},"potentialAction":[{"@type":"SearchAction","target":{"@type":"EntryPoint","urlTemplate":"https:\/\/hotelstil.ro\/?s={search_term_string}"},"query-input":{"@type":"PropertyValueSpecification","valueRequired":true,"valueName":"search_term_string"}}],"inLanguage":"en-US"},{"@type":"Organization","@id":"https:\/\/hotelstil.ro\/#organization","name":"Hotel Stil Bucharest","url":"https:\/\/hotelstil.ro\/","logo":{"@type":"ImageObject","inLanguage":"en-US","@id":"https:\/\/hotelstil.ro\/#\/schema\/logo\/image\/","url":"https:\/\/hotelstil.ro\/wp-content\/uploads\/2025\/01\/1-1.png","contentUrl":"https:\/\/hotelstil.ro\/wp-content\/uploads\/2025\/01\/1-1.png","width":500,"height":500,"caption":"Hotel Stil Bucharest"},"image":{"@id":"https:\/\/hotelstil.ro\/#\/schema\/logo\/image\/"}}]}},"_links":{"self":[{"href":"https:\/\/hotelstil.ro\/en\/wp-json\/wp\/v2\/pages\/437","targetHints":{"allow":["GET"]}}],"collection":[{"href":"https:\/\/hotelstil.ro\/en\/wp-json\/wp\/v2\/pages"}],"about":[{"href":"https:\/\/hotelstil.ro\/en\/wp-json\/wp\/v2\/types\/page"}],"author":[{"embeddable":true,"href":"https:\/\/hotelstil.ro\/en\/wp-json\/wp\/v2\/users\/1"}],"replies":[{"embeddable":true,"href":"https:\/\/hotelstil.ro\/en\/wp-json\/wp\/v2\/comments?post=437"}],"version-history":[{"count":4,"href":"https:\/\/hotelstil.ro\/en\/wp-json\/wp\/v2\/pages\/437\/revisions"}],"predecessor-version":[{"id":441,"href":"https:\/\/hotelstil.ro\/en\/wp-json\/wp\/v2\/pages\/437\/revisions\/441"}],"wp:attachment":[{"href":"https:\/\/hotelstil.ro\/en\/wp-json\/wp\/v2\/media?parent=437"}],"curies":[{"name":"wp","href":"https:\/\/api.w.org\/{rel}","templated":true}]}}