{"id":442,"date":"2025-01-24T12:12:46","date_gmt":"2025-01-24T12:12:46","guid":{"rendered":"https:\/\/hotelstil.ro\/?page_id=442"},"modified":"2025-01-24T12:18:22","modified_gmt":"2025-01-24T12:18:22","slug":"politica-de-confidentialitate","status":"publish","type":"page","link":"https:\/\/hotelstil.ro\/de\/politica-de-confidentialitate\/","title":{"rendered":"Datenschutzbestimmungen"},"content":{"rendered":"\t\t<div data-elementor-type=\"wp-page\" data-elementor-id=\"442\" class=\"elementor elementor-442\" data-elementor-post-type=\"page\">\n\t\t\t\t<div class=\"elementor-element elementor-element-cc1cb1a e-flex e-con-boxed e-con e-parent\" data-id=\"cc1cb1a\" data-element_type=\"container\" data-e-type=\"container\" data-settings=\"{&quot;background_background&quot;:&quot;classic&quot;}\">\n\t\t\t\t\t<div class=\"e-con-inner\">\n\t\t\t\t\t<\/div>\n\t\t\t\t<\/div>\n\t\t<div class=\"elementor-element elementor-element-a484938 e-flex e-con-boxed e-con e-parent\" data-id=\"a484938\" data-element_type=\"container\" data-e-type=\"container\">\n\t\t\t\t\t<div class=\"e-con-inner\">\n\t\t\t\t<div class=\"elementor-element elementor-element-4323ad5 elementor-widget elementor-widget-text-editor\" data-id=\"4323ad5\" data-element_type=\"widget\" data-e-type=\"widget\" data-widget_type=\"text-editor.default\">\n\t\t\t\t<div class=\"elementor-widget-container\">\n\t\t\t\t\t\t\t\t\t<h4>1. Cine suntem<\/h4><p>M&amp;T MARKET TRADE PROFESSIONALS SRL este o firm\u0103 rom\u00e2neasc\u0103 ce gestioneaz\u0103 site-ul www.hotelstil.ro.<\/p><h4>2. Date personale pe care le prelucr\u0103m<\/h4><p>M&amp;T MARKET TRADE PROFESSIONALS SRL este un operator de date cu caracter personal. Colect\u0103m urm\u0103toarele tipuri de date personale de la dvs.:<\/p><ul><li>Nume, prenume<\/li><li>Email<\/li><li>Telefon<\/li><li>Mesaj<\/li><li>Datele rezerv\u0103rilor<\/li><li>Feedback pseudonimizat al clien\u021bilor<\/li><\/ul><p>\u00a0<\/p><h4>3.\u00a0 De ce avem nevoie de ele<\/h4><p>Avem nevoie de datele dvs personale pentru urm\u0103toarele prelucr\u0103ri:<\/p><p>\u00cen temeiul legal al interesului legitim al M&amp;T MARKET TRADE PROFESSIONALS SRL de a v\u0103 r\u0103spunde mesajelor dvs din formularul de contact:<\/p><ul><li>Nume \u0219i prenume \u2013 avem nevoie de aceste date pentru a v\u0103 putea personaliza adresarea.<\/li><li>E-mail \u2013 adresa de e-mail o folosim pentru a v\u0103 r\u0103spunde la mesaj<\/li><li>Telefon \u2013 num\u0103rul de telefon \u00eel folosim pentru a v\u0103 contacta direct dac\u0103 problema este urgent\u0103<\/li><li>Mesaj \u2013 aici pute\u021bi detalia nevoile dvs<\/li><\/ul><p>\u00cen temeiul legal al interesului legitim al operatorului de a facilita procesul de rezervare al camerelor.<\/p><p>Rezervarea online<\/p><ul><li>Datele rezerv\u0103rii \u2013 avem nevoie de aceste informa\u021bii pentru a putea opera rezervarea.<\/li><\/ul><p>\u00cen temeiul legal al interesului legitim al operatorului de a ar\u0103ta vizitatorilor opiniile clien\u021bilor s\u0103i<\/p><p>Afi\u0219are feedback-uri din platformele Google, TripAdvisor, Booking<\/p><ul><li>Pseudonim utilizator \u2013 afi\u0219\u0103m aceast\u0103 informa\u021bie pentru a ar\u0103ta faptul c\u0103 aceast\u0103 opinie vine de la un client.<\/li><li>Opinie client \u2013 aceast\u0103 informa\u021bie este afi\u0219at\u0103 pentru a ar\u0103ta vizitatorilor o opinie a unui client.<\/li><\/ul><p>Cu consim\u021b\u0103m\u00e2ntul dumneavoastr\u0103, am dori s\u0103 prelucr\u0103m \u0219i urm\u0103toarele date cu caracter personal<\/p><p>Newsletter<\/p><ul><li>Nume, prenume \u2013 folosim aceste date pentru a v\u0103 personaliza adresarea.<\/li><li>E-mail \u2013 adresa de e-mail o folosim pentru a v\u0103 transmite newsletter-ul.<\/li><\/ul><p>Comportament online<\/p><ul><li>Istoria navig\u0103rii \u2013 partaj\u0103m aceste informa\u021bii cu partenerii no\u0219tri descri\u0219i \u00een politica de cookies pentru a v\u0103 putea livra oferte personalizate. Mai multe informa\u021bii reg\u0103si\u021bi \u00een pagina noastr\u0103 de cookie-uri la [link cookie policy]<\/li><\/ul><p>\u00a0<\/p><h4><a name=\"_Toc494813228\"><\/a>4. Ce facem cu ele<\/h4><p>Datele dumneavoastr\u0103 personale sunt prelucrate \u00een cadrul companiei M&amp;T MARKET TRADE PROFESSIONALS SRL situat\u0103 \u00een Rom\u00e2nia. G\u0103zduirea \u0219i stocarea datelor dumneavoastr\u0103 are loc \u00een Rom\u00e2nia la ROMARG ac\u021bioneaz\u0103 \u00een calitate de persoan\u0103 \u00eemputernicit\u0103 pentru M&amp;T MARKET TRADE PROFESSIONALS SRL.<\/p><p>Datele dumneavoastr\u0103 personale sunt prelucrate \u0219i de c\u0103tre Dazoot Software SRL care ac\u021bioneaz\u0103 \u00een calitate de persoan\u0103 \u00eemputernicit\u0103, oferind serviciul de gestionare newsletter Newsman.<\/p><p>Datele de rezervare \u2013 doar perioada \u2013 sunt trimise \u0219i c\u0103tre partenerul nostru Practicmagazin SRL, care ac\u021bioneaz\u0103 \u00een calitate de operator de date personale, oferind serviciul de rezerv\u0103ri 5StarDesk.com.<\/p><p>Datele dumneavoastr\u0103 personale mai sunt preluate din platformele Google, TripAdvisor, Booking \u0219i afi\u0219ate pe site, dac\u0103 a\u021bi l\u0103sat review-uri pe aceste platforme despre hotelul nostru.<\/p><p>Datele dumneavoastr\u0103 personale mai sunt prelucrate \u0219i de c\u0103tre BALABAN LUMINITA CARMEN INTREPRINDERE INDIVIDUALA care ac\u021bioneaz\u0103 \u00een calitate de persoan\u0103 \u00eemputernicit\u0103 pentru M&amp;T MARKET TRADE PROFESSIONALS SRL asigur\u00e2nd servicii de marketing.<\/p><p>Datele dvs personale pentru istoria navig\u0103rii sunt transmise partenerilor no\u0219tri descri\u0219i \u00een politica de cookies. V\u0103 rug\u0103m consulta\u021bi descrierea acestor parteneri \u00een aceast\u0103 pagin\u0103.<\/p><h4><a name=\"_Toc494813229\"><\/a>5. C\u00e2t timp p\u0103str\u0103m datele cu caracter personal<\/h4><p>Datele dumneavoastr\u0103 cu caracter personal din cadrul mesajelor vor fi \u021binute timp de un an de la ultima comunicare, dac\u0103 nu deveni\u021bi clientul nostru.<\/p><p>Datele dumneavoastr\u0103 cu caracter personal din rezerv\u0103ri vor fi \u021binute trei luni dup\u0103 data rezerv\u0103rii \u00een temeiul interesului legitim al M&amp;T MARKET TRADE PROFESSIONALS SRL de a se asigura c\u0103 totul a decurs cu bine, dup\u0103 care vor fi distruse.<\/p><p>Datele dumneavoastr\u0103 cu caracter personal din cadrul newsletter-ului vor fi \u021binute pe o durat\u0103 de 5 ani sau p\u00e2n\u0103 c\u00e2nd ve\u021bi alege s\u0103 v\u0103 retrage\u021bi consim\u021b\u0103m\u00e2ntul.<\/p><p>Datele dumneavoastr\u0103 privind activitatea online vor fi \u021binute pe perioada de via\u021b\u0103 a cookie-urilor sau p\u00e2n\u0103 c\u00e2nd decide\u021bi s\u0103 \u0219terge\u021bi cookie-urile.<\/p><h4><a name=\"_Toc494813230\"><\/a>6. Care sunt drepturile dvs?<\/h4><p>Dac\u0103 ave\u021bi motive s\u0103 crede\u021bi c\u0103 orice date personale pe care le de\u021binem despre dvs sunt incorecte sau incomplete, ave\u021bi dreptul s\u0103 solicita\u021bi s\u0103 vede\u021bi aceste informa\u021bii, s\u0103 le rectifica\u021bi sau s\u0103 cere\u021bi s\u0103 fie \u0219terse, s\u0103 solicita\u021bi restric\u021bionarea prelucr\u0103rii sau s\u0103 v\u0103 opune\u021bi prelucr\u0103rii \u0219i de asemenea ave\u021bi dreptul la portabilitatea datelor. Pentru exercitarea acestor drepturi v\u0103 rug\u0103m s\u0103 ne contacta\u021bi la contact@hotelstil.ro.<\/p><p>Pentru newsletter ave\u021bi dreptul oric\u00e2nd s\u0103 v\u0103 revoca\u021bi consim\u021b\u0103m\u00e2ntul dat. Pentru acest lucru v\u0103 rug\u0103m s\u0103 ne contacta\u021bi la contact@hotelstil.ro sau s\u0103 da\u021bi dezabonare direct din newsletter.<\/p><p>Dac\u0103 dori\u021bi s\u0103 \u00eenainta\u021bi\u00a0 o pl\u00e2ngere legat\u0103 de modul \u00een care v-am procesat datele personale, contacta\u021bi responsabilul cu protec\u021bia datelor la urm\u0103toarea adresa de e-mail contact@hotelstil.ro. Responsabilul cu protec\u021bia datelor va lua leg\u0103tura cu dumneavoastr\u0103 pentru a rezolva problema ridicat\u0103.<\/p><p>De asemenea pute\u021bi contacta Autoritatea Na\u021bional\u0103 de Supraveghere a Prelucr\u0103rii Datelor cu Caracter personal la\u00a0<a href=\"http:\/\/www.dataprotection.ro\/\">www.dataprotection.ro<\/a>\u00a0\u0219i pute\u021bi depune o pl\u00e2ngere la ei.<\/p>\t\t\t\t\t\t\t\t<\/div>\n\t\t\t\t<\/div>\n\t\t\t\t<div class=\"elementor-element elementor-element-b3b8760 elementor-widget elementor-widget-heading\" data-id=\"b3b8760\" data-element_type=\"widget\" data-e-type=\"widget\" data-widget_type=\"heading.default\">\n\t\t\t\t<div class=\"elementor-widget-container\">\n\t\t\t\t\t<h2 class=\"elementor-heading-title elementor-size-default\">Social Media Privacy Notice\n<\/h2>\t\t\t\t<\/div>\n\t\t\t\t<\/div>\n\t\t\t\t<div class=\"elementor-element elementor-element-0a812cb elementor-widget elementor-widget-text-editor\" data-id=\"0a812cb\" data-element_type=\"widget\" data-e-type=\"widget\" data-widget_type=\"text-editor.default\">\n\t\t\t\t<div class=\"elementor-widget-container\">\n\t\t\t\t\t\t\t\t\t<h4>1.\u00a0 Who we are<\/h4><p>M&amp;T MARKET TRADE PROFESSIONALS SRL is a Romanian company that manages www.hotelstil.ro website.<\/p><h4>2. What personal data do we process<\/h4><p>M&amp;T MARKET TRADE PROFESSIONALS SRL is a personal data controller, together with Facebook as Joint Controllers. Our relationship is based on a joint controller agreement which is available here:\u00a0<a href=\"https:\/\/www.facebook.com\/legal\/terms\/page_controller_addendum\">https:\/\/www.facebook.com\/legal\/terms\/page_controller_addendum<\/a><\/p><p>We process the following types of personal data from you:<\/p><ul><li>Name and surname<\/li><li>Facebook ID<\/li><li>Phone number<\/li><li>Delivery Address<\/li><li>Post on Hotel Stil Page<\/li><\/ul><p>For more details regarding the personal data processed by Facebook please visit\u00a0<a href=\"https:\/\/www.facebook.com\/policy.php\">https:\/\/www.facebook.com\/policy.php<\/a>.<\/p><h4><a name=\"_Toc494813227\"><\/a>3. Why do we need them<\/h4><p>We need your personal data to provide you with the following services:<\/p><p>On the legal basis of necessity to process personal data for the performance of a contract to which you are party (namely, the Terms and Conditions for a Contest or a Lucky Draw):<\/p><ul><li>Name and surname \u2013 we need this info to know who we are talking with.<\/li><li>Facebook ID \u2013 we need this info to know who we are talking with.<\/li><li>Phone number \u2013 we need this information to contact you.<\/li><li>Delivery address \u2013 we need this information to be able to deliver your prize<\/li><li>National Identification Number (CNP) \u2013 this information is collected for the payment of the tax on prizes over 600 lei, according to the fiscal code.<\/li><li>Post on Hotel Stil page \u2013 here you might add unsolicited personal data of other persons. The post must adhere to Facebook rules. For the personal data of other persons that might be in your post (name, images, etc) you are a data controller, and you are directly responsible to make sure you took all necessary technical and organizational measures to prove compliance to GDPR.<\/li><\/ul><p>On the legal basis of controller\u2019s legitimate interest to answer your posts on the Hotel Stil Facebook page:<\/p><ul><li>Name and surname \u2013 we need this info to know who we are talking<\/li><li>Facebook ID \u2013 we need this info to know who we are talking with.<\/li><li>Post on Hotel Stil Page \u2013 here you might add unsolicited personal data of other persons. The post must adhere to Facebook rules. For the personal data of other persons that might be in your post (name, images, etc) you are a data controller, and you are directly responsible to make sure you took all necessary technical and organizational measures to prove compliance to GDPR.<\/li><\/ul><h4><a name=\"_Toc494813228\"><\/a>4. What we do with them<\/h4><p>Your personal data is processed within M&amp;T MARKET TRADE PROFESSIONALS SRL company located in Romania. Hosting and storing of your data take place on Facebook servers.<\/p><p>Your personal data is also processed by Facebook as a data controller. Please check Facebook\u2019s privacy policy:\u00a0<a href=\"https:\/\/www.facebook.com\/policy.php\">https:\/\/www.facebook.com\/policy.php<\/a><\/p><p>Your personal data is also processed by BALABAN LUMINITA CARMEN INTREPRINDERE INDIVIDUALA, acting as a personal data processor for M&amp;T MARKET TRADE PROFESSIONALS SRL, providing marketing services.<\/p><h4><a name=\"_Toc494813229\"><\/a>5. How long do we keep personal data<\/h4><p>Personal data from your posts or evaluations on Hotel Stil page will be kept till you decide to delete your post or till you ask us to delete your personal data.<\/p><p>Your personal data from the competitions will be kept for 3 months from the end of the contests, unless you are a winner. If you are a winner, we will keep your personal data for five years, as required by the fiscal code, and if you win a prize which has a value of over 600 lei, we will keep your personal data for 10 years, as required by the fiscal code.<\/p><p>As a Data Controller, Facebook has its own data retention policy which can be consulted here:\u00a0<a href=\"https:\/\/www.facebook.com\/policy.php\">https:\/\/www.facebook.com\/policy.php<\/a>.<\/p><h4><a name=\"_Toc494813230\"><\/a>6. What are your rights?<\/h4><p>If you have reason to believe that any personal data that we have about you is incorrect or incomplete, you have the right to ask to see your personal data, to correct it, to request to be deleted, to request restriction of processing or to object to the processing. You also have the right to data portability. To exercise these rights please contact us at contact@hotelstil.ro.<\/p><p>If you want to file a complaint about how we process your personal data, please contact us at contact@hotelstil.ro. We will contact you to solve the problem raised.<\/p><p>In order to exercise your privacy rights with Facebook, please check their privacy policy:\u00a0<a href=\"https:\/\/www.facebook.com\/policy.php\">https:\/\/www.facebook.com\/policy.php<\/a>.<\/p><p>You can also contact the Romanian Data Protection Authority at\u00a0<a href=\"http:\/\/www.dataprotection.ro\/\">www.dataprotection.ro<\/a>\u00a0in order to file a complaint.<\/p>\t\t\t\t\t\t\t\t<\/div>\n\t\t\t\t<\/div>\n\t\t\t\t\t<\/div>\n\t\t\t\t<\/div>\n\t\t\t\t<\/div>\n\t\t","protected":false},"excerpt":{"rendered":"<p>1. Cine suntem M&amp;T MARKET TRADE PROFESSIONALS SRL este o firm\u0103 rom\u00e2neasc\u0103 ce gestioneaz\u0103 site-ul www.hotelstil.ro. 2. Date personale pe care le prelucr\u0103m M&amp;T MARKET TRADE PROFESSIONALS SRL este un operator de date cu caracter personal. Colect\u0103m urm\u0103toarele tipuri de date personale de la dvs.: Nume, prenume Email Telefon Mesaj Datele rezerv\u0103rilor Feedback pseudonimizat al [&hellip;]<\/p>\n","protected":false},"author":1,"featured_media":0,"parent":0,"menu_order":0,"comment_status":"closed","ping_status":"closed","template":"elementor_header_footer","meta":{"_acf_changed":false,"footnotes":""},"class_list":["post-442","page","type-page","status-publish","hentry"],"acf":[],"yoast_head":"<!-- This site is optimized with the Yoast SEO plugin v27.4 - https:\/\/yoast.com\/product\/yoast-seo-wordpress\/ -->\n<title>Politica de Confidentialitate - Hotel Stil Bucharest<\/title>\n<meta name=\"robots\" content=\"index, follow, max-snippet:-1, max-image-preview:large, max-video-preview:-1\" \/>\n<link rel=\"canonical\" href=\"https:\/\/hotelstil.ro\/de\/politica-de-confidentialitate\/\" \/>\n<meta property=\"og:locale\" content=\"de_DE\" \/>\n<meta property=\"og:type\" content=\"article\" \/>\n<meta property=\"og:title\" content=\"Politica de Confidentialitate - Hotel Stil Bucharest\" \/>\n<meta property=\"og:description\" content=\"1. Cine suntem M&amp;T MARKET TRADE PROFESSIONALS SRL este o firm\u0103 rom\u00e2neasc\u0103 ce gestioneaz\u0103 site-ul www.hotelstil.ro. 2. Date personale pe care le prelucr\u0103m M&amp;T MARKET TRADE PROFESSIONALS SRL este un operator de date cu caracter personal. Colect\u0103m urm\u0103toarele tipuri de date personale de la dvs.: Nume, prenume Email Telefon Mesaj Datele rezerv\u0103rilor Feedback pseudonimizat al [&hellip;]\" \/>\n<meta property=\"og:url\" content=\"https:\/\/hotelstil.ro\/de\/politica-de-confidentialitate\/\" \/>\n<meta property=\"og:site_name\" content=\"Hotel Stil Bucharest\" \/>\n<meta property=\"article:modified_time\" content=\"2025-01-24T12:18:22+00:00\" \/>\n<meta name=\"twitter:card\" content=\"summary_large_image\" \/>\n<meta name=\"twitter:label1\" content=\"Gesch\u00e4tzte Lesezeit\" \/>\n\t<meta name=\"twitter:data1\" content=\"7\u00a0Minuten\" \/>\n<script type=\"application\/ld+json\" class=\"yoast-schema-graph\">{\"@context\":\"https:\\\/\\\/schema.org\",\"@graph\":[{\"@type\":\"WebPage\",\"@id\":\"https:\\\/\\\/hotelstil.ro\\\/politica-de-confidentialitate\\\/\",\"url\":\"https:\\\/\\\/hotelstil.ro\\\/politica-de-confidentialitate\\\/\",\"name\":\"Politica de Confidentialitate - Hotel Stil Bucharest\",\"isPartOf\":{\"@id\":\"https:\\\/\\\/hotelstil.ro\\\/#website\"},\"datePublished\":\"2025-01-24T12:12:46+00:00\",\"dateModified\":\"2025-01-24T12:18:22+00:00\",\"breadcrumb\":{\"@id\":\"https:\\\/\\\/hotelstil.ro\\\/politica-de-confidentialitate\\\/#breadcrumb\"},\"inLanguage\":\"de\",\"potentialAction\":[{\"@type\":\"ReadAction\",\"target\":[\"https:\\\/\\\/hotelstil.ro\\\/politica-de-confidentialitate\\\/\"]}]},{\"@type\":\"BreadcrumbList\",\"@id\":\"https:\\\/\\\/hotelstil.ro\\\/politica-de-confidentialitate\\\/#breadcrumb\",\"itemListElement\":[{\"@type\":\"ListItem\",\"position\":1,\"name\":\"Home\",\"item\":\"https:\\\/\\\/hotelstil.ro\\\/\"},{\"@type\":\"ListItem\",\"position\":2,\"name\":\"Politica de Confidentialitate\"}]},{\"@type\":\"WebSite\",\"@id\":\"https:\\\/\\\/hotelstil.ro\\\/#website\",\"url\":\"https:\\\/\\\/hotelstil.ro\\\/\",\"name\":\"Hotel Stil Bucharest\",\"description\":\"Hotel Stil Bucharest\",\"publisher\":{\"@id\":\"https:\\\/\\\/hotelstil.ro\\\/#organization\"},\"potentialAction\":[{\"@type\":\"SearchAction\",\"target\":{\"@type\":\"EntryPoint\",\"urlTemplate\":\"https:\\\/\\\/hotelstil.ro\\\/?s={search_term_string}\"},\"query-input\":{\"@type\":\"PropertyValueSpecification\",\"valueRequired\":true,\"valueName\":\"search_term_string\"}}],\"inLanguage\":\"de\"},{\"@type\":\"Organization\",\"@id\":\"https:\\\/\\\/hotelstil.ro\\\/#organization\",\"name\":\"Hotel Stil Bucharest\",\"url\":\"https:\\\/\\\/hotelstil.ro\\\/\",\"logo\":{\"@type\":\"ImageObject\",\"inLanguage\":\"de\",\"@id\":\"https:\\\/\\\/hotelstil.ro\\\/#\\\/schema\\\/logo\\\/image\\\/\",\"url\":\"https:\\\/\\\/hotelstil.ro\\\/wp-content\\\/uploads\\\/2025\\\/01\\\/1-1.png\",\"contentUrl\":\"https:\\\/\\\/hotelstil.ro\\\/wp-content\\\/uploads\\\/2025\\\/01\\\/1-1.png\",\"width\":500,\"height\":500,\"caption\":\"Hotel Stil Bucharest\"},\"image\":{\"@id\":\"https:\\\/\\\/hotelstil.ro\\\/#\\\/schema\\\/logo\\\/image\\\/\"}}]}<\/script>\n<!-- \/ Yoast SEO plugin. -->","yoast_head_json":{"title":"Datenschutzerkl\u00e4rung - Hotel Stil Bukarest","robots":{"index":"index","follow":"follow","max-snippet":"max-snippet:-1","max-image-preview":"max-image-preview:large","max-video-preview":"max-video-preview:-1"},"canonical":"https:\/\/hotelstil.ro\/de\/politica-de-confidentialitate\/","og_locale":"de_DE","og_type":"article","og_title":"Politica de Confidentialitate - Hotel Stil Bucharest","og_description":"1. Cine suntem M&amp;T MARKET TRADE PROFESSIONALS SRL este o firm\u0103 rom\u00e2neasc\u0103 ce gestioneaz\u0103 site-ul www.hotelstil.ro. 2. Date personale pe care le prelucr\u0103m M&amp;T MARKET TRADE PROFESSIONALS SRL este un operator de date cu caracter personal. Colect\u0103m urm\u0103toarele tipuri de date personale de la dvs.: Nume, prenume Email Telefon Mesaj Datele rezerv\u0103rilor Feedback pseudonimizat al [&hellip;]","og_url":"https:\/\/hotelstil.ro\/de\/politica-de-confidentialitate\/","og_site_name":"Hotel Stil Bucharest","article_modified_time":"2025-01-24T12:18:22+00:00","twitter_card":"summary_large_image","twitter_misc":{"Gesch\u00e4tzte Lesezeit":"7\u00a0Minuten"},"schema":{"@context":"https:\/\/schema.org","@graph":[{"@type":"WebPage","@id":"https:\/\/hotelstil.ro\/politica-de-confidentialitate\/","url":"https:\/\/hotelstil.ro\/politica-de-confidentialitate\/","name":"Datenschutzerkl\u00e4rung - Hotel Stil Bukarest","isPartOf":{"@id":"https:\/\/hotelstil.ro\/#website"},"datePublished":"2025-01-24T12:12:46+00:00","dateModified":"2025-01-24T12:18:22+00:00","breadcrumb":{"@id":"https:\/\/hotelstil.ro\/politica-de-confidentialitate\/#breadcrumb"},"inLanguage":"de","potentialAction":[{"@type":"ReadAction","target":["https:\/\/hotelstil.ro\/politica-de-confidentialitate\/"]}]},{"@type":"BreadcrumbList","@id":"https:\/\/hotelstil.ro\/politica-de-confidentialitate\/#breadcrumb","itemListElement":[{"@type":"ListItem","position":1,"name":"Home","item":"https:\/\/hotelstil.ro\/"},{"@type":"ListItem","position":2,"name":"Politica de Confidentialitate"}]},{"@type":"WebSite","@id":"https:\/\/hotelstil.ro\/#website","url":"https:\/\/hotelstil.ro\/","name":"Hotel Stil Bukarest","description":"Hotel Stil Bukarest","publisher":{"@id":"https:\/\/hotelstil.ro\/#organization"},"potentialAction":[{"@type":"SearchAction","target":{"@type":"EntryPoint","urlTemplate":"https:\/\/hotelstil.ro\/?s={search_term_string}"},"query-input":{"@type":"PropertyValueSpecification","valueRequired":true,"valueName":"search_term_string"}}],"inLanguage":"de"},{"@type":"Organization","@id":"https:\/\/hotelstil.ro\/#organization","name":"Hotel Stil Bukarest","url":"https:\/\/hotelstil.ro\/","logo":{"@type":"ImageObject","inLanguage":"de","@id":"https:\/\/hotelstil.ro\/#\/schema\/logo\/image\/","url":"https:\/\/hotelstil.ro\/wp-content\/uploads\/2025\/01\/1-1.png","contentUrl":"https:\/\/hotelstil.ro\/wp-content\/uploads\/2025\/01\/1-1.png","width":500,"height":500,"caption":"Hotel Stil Bucharest"},"image":{"@id":"https:\/\/hotelstil.ro\/#\/schema\/logo\/image\/"}}]}},"_links":{"self":[{"href":"https:\/\/hotelstil.ro\/de\/wp-json\/wp\/v2\/pages\/442","targetHints":{"allow":["GET"]}}],"collection":[{"href":"https:\/\/hotelstil.ro\/de\/wp-json\/wp\/v2\/pages"}],"about":[{"href":"https:\/\/hotelstil.ro\/de\/wp-json\/wp\/v2\/types\/page"}],"author":[{"embeddable":true,"href":"https:\/\/hotelstil.ro\/de\/wp-json\/wp\/v2\/users\/1"}],"replies":[{"embeddable":true,"href":"https:\/\/hotelstil.ro\/de\/wp-json\/wp\/v2\/comments?post=442"}],"version-history":[{"count":10,"href":"https:\/\/hotelstil.ro\/de\/wp-json\/wp\/v2\/pages\/442\/revisions"}],"predecessor-version":[{"id":452,"href":"https:\/\/hotelstil.ro\/de\/wp-json\/wp\/v2\/pages\/442\/revisions\/452"}],"wp:attachment":[{"href":"https:\/\/hotelstil.ro\/de\/wp-json\/wp\/v2\/media?parent=442"}],"curies":[{"name":"wp","href":"https:\/\/api.w.org\/{rel}","templated":true}]}}