{"id":2,"date":"2025-01-22T09:19:25","date_gmt":"2025-01-22T09:19:25","guid":{"rendered":"https:\/\/hotelstil.ro\/?page_id=2"},"modified":"2025-01-22T09:19:25","modified_gmt":"2025-01-22T09:19:25","slug":"sample-page","status":"publish","type":"page","link":"https:\/\/hotelstil.ro\/de\/sample-page\/","title":{"rendered":"Beispielseite"},"content":{"rendered":"<p>Dies ist eine Beispielseite. Sie unterscheidet sich von einem Blogbeitrag, weil sie an einem Ort bleibt und in der Navigation Ihrer Website angezeigt wird (in den meisten Themes). Die meisten Leute beginnen mit einer \u00dcber-Seite, die sie potenziellen Website-Besuchern vorstellt. Sie k\u00f6nnte etwa so lauten:<\/p>\n\n\n\n<blockquote class=\"wp-block-quote is-layout-flow wp-block-quote-is-layout-flow\"><p>Hallo zusammen! Tags\u00fcber bin ich Fahrradkurier, nachts aufstrebender Schauspieler, und das hier ist meine Website. Ich lebe in Los Angeles, habe einen tollen Hund namens Jack und mag Pi\u00f1a Coladas (und werde gerne im Regen erwischt).<\/p><\/blockquote>\n\n\n\n<p>...oder etwas in dieser Art:<\/p>\n\n\n\n<blockquote class=\"wp-block-quote is-layout-flow wp-block-quote-is-layout-flow\"><p>Die XYZ Doohickey Company wurde 1971 gegr\u00fcndet und liefert seitdem hochwertige Doohickeys an die \u00d6ffentlichkeit. XYZ hat seinen Sitz in Gotham City und besch\u00e4ftigt \u00fcber 2.000 Mitarbeiter, die alle m\u00f6glichen gro\u00dfartigen Dinge f\u00fcr die Gotham Community tun.<\/p><\/blockquote>\n\n\n\n<p>Als neuer WordPress-Benutzer sollten Sie zu <a href=\"https:\/\/hotelstil.ro\/wp-admin\/\">Ihr Armaturenbrett<\/a> um diese Seite zu l\u00f6schen und neue Seiten f\u00fcr Ihren Inhalt zu erstellen. Viel Spa\u00df!<\/p>","protected":false},"excerpt":{"rendered":"<p>This is an example page. It&#8217;s different from a blog post because it will stay in one place and will show up in your site navigation (in most themes). Most people start with an About page that introduces them to potential site visitors. It might say something like this: Hi there! I&#8217;m a bike messenger [&hellip;]<\/p>\n","protected":false},"author":1,"featured_media":0,"parent":0,"menu_order":0,"comment_status":"closed","ping_status":"open","template":"","meta":{"_acf_changed":false,"footnotes":""},"class_list":["post-2","page","type-page","status-publish","hentry"],"acf":[],"yoast_head":"<!-- This site is optimized with the Yoast SEO plugin v27.5 - https:\/\/yoast.com\/product\/yoast-seo-wordpress\/ -->\n<title>Sample Page - Hotel Stil Bucharest<\/title>\n<meta name=\"robots\" content=\"index, follow, max-snippet:-1, max-image-preview:large, max-video-preview:-1\" \/>\n<link rel=\"canonical\" href=\"https:\/\/hotelstil.ro\/de\/sample-page\/\" \/>\n<meta property=\"og:locale\" content=\"de_DE\" \/>\n<meta property=\"og:type\" content=\"article\" \/>\n<meta property=\"og:title\" content=\"Sample Page - Hotel Stil Bucharest\" \/>\n<meta property=\"og:description\" content=\"This is an example page. It&#8217;s different from a blog post because it will stay in one place and will show up in your site navigation (in most themes). Most people start with an About page that introduces them to potential site visitors. It might say something like this: Hi there! I&#8217;m a bike messenger [&hellip;]\" \/>\n<meta property=\"og:url\" content=\"https:\/\/hotelstil.ro\/de\/sample-page\/\" \/>\n<meta property=\"og:site_name\" content=\"Hotel Stil Bucharest\" \/>\n<meta name=\"twitter:card\" content=\"summary_large_image\" \/>\n<meta name=\"twitter:label1\" content=\"Gesch\u00e4tzte Lesezeit\" \/>\n\t<meta name=\"twitter:data1\" content=\"1\u00a0Minute\" \/>\n<script type=\"application\/ld+json\" class=\"yoast-schema-graph\">{\"@context\":\"https:\\\/\\\/schema.org\",\"@graph\":[{\"@type\":\"WebPage\",\"@id\":\"https:\\\/\\\/hotelstil.ro\\\/sample-page\\\/\",\"url\":\"https:\\\/\\\/hotelstil.ro\\\/sample-page\\\/\",\"name\":\"Sample Page - Hotel Stil Bucharest\",\"isPartOf\":{\"@id\":\"https:\\\/\\\/hotelstil.ro\\\/#website\"},\"datePublished\":\"2025-01-22T09:19:25+00:00\",\"breadcrumb\":{\"@id\":\"https:\\\/\\\/hotelstil.ro\\\/sample-page\\\/#breadcrumb\"},\"inLanguage\":\"de\",\"potentialAction\":[{\"@type\":\"ReadAction\",\"target\":[\"https:\\\/\\\/hotelstil.ro\\\/sample-page\\\/\"]}]},{\"@type\":\"BreadcrumbList\",\"@id\":\"https:\\\/\\\/hotelstil.ro\\\/sample-page\\\/#breadcrumb\",\"itemListElement\":[{\"@type\":\"ListItem\",\"position\":1,\"name\":\"Home\",\"item\":\"https:\\\/\\\/hotelstil.ro\\\/\"},{\"@type\":\"ListItem\",\"position\":2,\"name\":\"Sample Page\"}]},{\"@type\":\"WebSite\",\"@id\":\"https:\\\/\\\/hotelstil.ro\\\/#website\",\"url\":\"https:\\\/\\\/hotelstil.ro\\\/\",\"name\":\"Hotel Stil Bucharest\",\"description\":\"Hotel Stil Bucharest\",\"publisher\":{\"@id\":\"https:\\\/\\\/hotelstil.ro\\\/#organization\"},\"potentialAction\":[{\"@type\":\"SearchAction\",\"target\":{\"@type\":\"EntryPoint\",\"urlTemplate\":\"https:\\\/\\\/hotelstil.ro\\\/?s={search_term_string}\"},\"query-input\":{\"@type\":\"PropertyValueSpecification\",\"valueRequired\":true,\"valueName\":\"search_term_string\"}}],\"inLanguage\":\"de\"},{\"@type\":\"Organization\",\"@id\":\"https:\\\/\\\/hotelstil.ro\\\/#organization\",\"name\":\"Hotel Stil Bucharest\",\"url\":\"https:\\\/\\\/hotelstil.ro\\\/\",\"logo\":{\"@type\":\"ImageObject\",\"inLanguage\":\"de\",\"@id\":\"https:\\\/\\\/hotelstil.ro\\\/#\\\/schema\\\/logo\\\/image\\\/\",\"url\":\"https:\\\/\\\/hotelstil.ro\\\/wp-content\\\/uploads\\\/2025\\\/01\\\/1-1.png\",\"contentUrl\":\"https:\\\/\\\/hotelstil.ro\\\/wp-content\\\/uploads\\\/2025\\\/01\\\/1-1.png\",\"width\":500,\"height\":500,\"caption\":\"Hotel Stil Bucharest\"},\"image\":{\"@id\":\"https:\\\/\\\/hotelstil.ro\\\/#\\\/schema\\\/logo\\\/image\\\/\"}}]}<\/script>\n<!-- \/ Yoast SEO plugin. -->","yoast_head_json":{"title":"Beispielseite - Hotel Stil Bukarest","robots":{"index":"index","follow":"follow","max-snippet":"max-snippet:-1","max-image-preview":"max-image-preview:large","max-video-preview":"max-video-preview:-1"},"canonical":"https:\/\/hotelstil.ro\/de\/sample-page\/","og_locale":"de_DE","og_type":"article","og_title":"Sample Page - Hotel Stil Bucharest","og_description":"This is an example page. It&#8217;s different from a blog post because it will stay in one place and will show up in your site navigation (in most themes). Most people start with an About page that introduces them to potential site visitors. It might say something like this: Hi there! I&#8217;m a bike messenger [&hellip;]","og_url":"https:\/\/hotelstil.ro\/de\/sample-page\/","og_site_name":"Hotel Stil Bucharest","twitter_card":"summary_large_image","twitter_misc":{"Gesch\u00e4tzte Lesezeit":"1\u00a0Minute"},"schema":{"@context":"https:\/\/schema.org","@graph":[{"@type":"WebPage","@id":"https:\/\/hotelstil.ro\/sample-page\/","url":"https:\/\/hotelstil.ro\/sample-page\/","name":"Beispielseite - Hotel Stil Bukarest","isPartOf":{"@id":"https:\/\/hotelstil.ro\/#website"},"datePublished":"2025-01-22T09:19:25+00:00","breadcrumb":{"@id":"https:\/\/hotelstil.ro\/sample-page\/#breadcrumb"},"inLanguage":"de","potentialAction":[{"@type":"ReadAction","target":["https:\/\/hotelstil.ro\/sample-page\/"]}]},{"@type":"BreadcrumbList","@id":"https:\/\/hotelstil.ro\/sample-page\/#breadcrumb","itemListElement":[{"@type":"ListItem","position":1,"name":"Home","item":"https:\/\/hotelstil.ro\/"},{"@type":"ListItem","position":2,"name":"Sample Page"}]},{"@type":"WebSite","@id":"https:\/\/hotelstil.ro\/#website","url":"https:\/\/hotelstil.ro\/","name":"Hotel Stil Bukarest","description":"Hotel Stil Bukarest","publisher":{"@id":"https:\/\/hotelstil.ro\/#organization"},"potentialAction":[{"@type":"SearchAction","target":{"@type":"EntryPoint","urlTemplate":"https:\/\/hotelstil.ro\/?s={search_term_string}"},"query-input":{"@type":"PropertyValueSpecification","valueRequired":true,"valueName":"search_term_string"}}],"inLanguage":"de"},{"@type":"Organization","@id":"https:\/\/hotelstil.ro\/#organization","name":"Hotel Stil Bukarest","url":"https:\/\/hotelstil.ro\/","logo":{"@type":"ImageObject","inLanguage":"de","@id":"https:\/\/hotelstil.ro\/#\/schema\/logo\/image\/","url":"https:\/\/hotelstil.ro\/wp-content\/uploads\/2025\/01\/1-1.png","contentUrl":"https:\/\/hotelstil.ro\/wp-content\/uploads\/2025\/01\/1-1.png","width":500,"height":500,"caption":"Hotel Stil Bucharest"},"image":{"@id":"https:\/\/hotelstil.ro\/#\/schema\/logo\/image\/"}}]}},"_links":{"self":[{"href":"https:\/\/hotelstil.ro\/de\/wp-json\/wp\/v2\/pages\/2","targetHints":{"allow":["GET"]}}],"collection":[{"href":"https:\/\/hotelstil.ro\/de\/wp-json\/wp\/v2\/pages"}],"about":[{"href":"https:\/\/hotelstil.ro\/de\/wp-json\/wp\/v2\/types\/page"}],"author":[{"embeddable":true,"href":"https:\/\/hotelstil.ro\/de\/wp-json\/wp\/v2\/users\/1"}],"replies":[{"embeddable":true,"href":"https:\/\/hotelstil.ro\/de\/wp-json\/wp\/v2\/comments?post=2"}],"version-history":[{"count":0,"href":"https:\/\/hotelstil.ro\/de\/wp-json\/wp\/v2\/pages\/2\/revisions"}],"wp:attachment":[{"href":"https:\/\/hotelstil.ro\/de\/wp-json\/wp\/v2\/media?parent=2"}],"curies":[{"name":"wp","href":"https:\/\/api.w.org\/{rel}","templated":true}]}}